{"id":17574,"date":"2024-04-25T17:14:21","date_gmt":"2024-04-25T20:14:21","guid":{"rendered":"https:\/\/site.redlearning.cl\/?post_type=product&#038;p=17574"},"modified":"2025-11-03T17:34:24","modified_gmt":"2025-11-03T20:34:24","slug":"curso-manejo-de-residuos-clinicos-y-hospitalarios-reas-2","status":"publish","type":"product","link":"https:\/\/site.redlearning.cl\/?product=curso-manejo-de-residuos-clinicos-y-hospitalarios-reas-2","title":{"rendered":"Curso Manejo de residuos Cl\u00ednicos y Hospitalarios (REAS)"},"content":{"rendered":"<p>Los residuos o desechos generados en cualquier actividad humana pueden presentar riesgos para la salud cuya magnitud depender\u00e1 de la presencia y concentraci\u00f3n de sustancias peligrosas y microorganismos pat\u00f3genos viables. Los desechos de la atenci\u00f3n sanitaria contienen muchas veces microorganismos pat\u00f3genos que pueden enfermar al personal de salud, a los pacientes y para a la poblaci\u00f3n en general si no se toman las medidas de bioseguridad recomendadas. El manejo de los desechos sanitarios requiere una mayor atenci\u00f3n y diligencia para eliminar la importante carga de morbilidad asociada a la exposici\u00f3n a agentes infecciosos.<\/p>\n<p>El Ministerio de Salud de Chile, siguiendo las recomendaciones de la OMS, promueve el uso Reglamento sobre Manejo de Residuos de Establecimientos de Atenci\u00f3n de Salud, en el que se establece cuatro grandes categor\u00edas de residuos; se incluye adem\u00e1s la categor\u00eda de residuos especiales, la cual corresponde a la fracci\u00f3n considerada como infecciosa por la OMS. En ese sentido, la OMS define a los residuos infecciosos como aquellos \u201cque se sospecha contienen pat\u00f3genos en suficiente concentraci\u00f3n o cantidad para causar enfermedad en hu\u00e9spedes susceptibles\u201d.<\/p>\n<p>Este curso est\u00e1 dise\u00f1ado para que los participantes est\u00e9n en condiciones de conocer y utilizar los cuerpos legales aplicables en el Manejo De Reas (MINSAL Decreto N\u00b06 ,2009), adem\u00e1s que aprender\u00e1n a conocer las condiciones sanitarias y de seguridad para prevenir riesgos a la salud de los habitantes, sabr\u00e1n, efectivamente, realizar un plan de contingencia y de manejo de REAS y conocer\u00e1n las \u00faltimas normativas del MINSAL para el buen Manejo de Residuos Hospitalarios y Cl\u00ednicos. De esta manera se podr\u00e1 garantizar la gesti\u00f3n adecuada de los mismos, as\u00ed como prevenir cualquier situaci\u00f3n que exponga al personal de tener contacto con agentes nocivos presentes en estos materiales.<\/p>\n<h2><span style=\"color: #0099cd;\">Objetivo General<\/span><\/h2>\n<hr \/>\n<p>Proporcionar al personal de salud los conocimientos necesarios sobre el manejo de residuos cl\u00ednicos y hospitalarios de establecimientos de salud p\u00fablica y privada, bajo la normativa emanada por el Decreto N\u00b06, 2009 del MINSAL.<\/p>\n<h2><span style=\"color: #0099cd;\">Metodolog\u00eda<\/span><\/h2>\n<hr \/>\n<p>Modalidad 100% Online, asincr\u00f3nico y a tu ritmo. Contar\u00e1s con tutores desde el principio al fin de tu formaci\u00f3n, nunca estar\u00e1s sol@.<\/p>\n<h2><span style=\"color: #0099cd;\">Temario<\/span><\/h2>\n<hr \/>\n<div class=\"lightweight-accordion bordered has-text-color has-background\"><details><summary class=\"lightweight-accordion-title\" style=\"color:#ffffff;background:#0099cd;\"><span>M\u00f3dulo I - Generalidades y marco legal<\/span><\/summary><div class=\"lightweight-accordion-body\" style=\"border-color:#0099cd;\"><h6><span style=\"color: #0099cd;\">Objetivos espec\u00edficos: <\/span>Identificar conceptos generales asociados al manejo de residuos cl\u00ednicos y hospitalarios en establecimientos de salud y sus posibles riesgos para la salud.<\/h6>\n<h6><span style=\"color: #0099cd;\">Contenidos:<\/span><\/h6>\n<ol>\n<li>Definici\u00f3n y caracterizaci\u00f3n de los Residuos Cl\u00ednicos \/ Hospitalarios<\/li>\n<li>Clasificaci\u00f3n de REAS<\/li>\n<li>Riesgos para la Salud<\/li>\n<li>Normativa legal vigente.<\/li>\n<\/ol>\n<\/div><\/details><\/div>\n<div class=\"lightweight-accordion bordered has-text-color has-background\"><details><summary class=\"lightweight-accordion-title\" style=\"color:#ffffff;background:#0099cd;\"><span>M\u00f3dulo II - Manejo de las REAS<\/span><\/summary><div class=\"lightweight-accordion-body\" style=\"border-color:#0099cd;\"><h6><span style=\"color: #0099cd;\">Objetivos espec\u00edficos: <\/span>Comprender las operaciones que se realizan en los establecimientos de salud en relaci\u00f3n con el manejo, transporte y eliminaci\u00f3n de REAS.<\/h6>\n<h6><span style=\"color: #0099cd;\">Contenidos:<\/span><\/h6>\n<ol>\n<li>Gesti\u00f3n para la minimizaci\u00f3n de Reducci\u00f3n de REAS<\/li>\n<li>Esquema de priorizaci\u00f3n de gesti\u00f3n de residuos<\/li>\n<li>Manejo Interno de REAS\n<ol>\n<li style=\"list-style-type: none;\">\n<ol>\n<li>Separaci\u00f3n en origen<\/li>\n<li>Recolecci\u00f3n y transporte interno<\/li>\n<li>Almacenamiento<\/li>\n<li>Eliminaci\u00f3n en el lugar<\/li>\n<\/ol>\n<\/li>\n<\/ol>\n<\/li>\n<li>Manejo Externo de REAS<\/li>\n<\/ol>\n<\/div><\/details><\/div>\n<div class=\"lightweight-accordion bordered has-text-color has-background\"><details><summary class=\"lightweight-accordion-title\" style=\"color:#ffffff;background:#0099cd;\"><span>M\u00f3dulo III - Planificaci\u00f3n de las REAS y normativa vigente.<\/span><\/summary><div class=\"lightweight-accordion-body\" style=\"border-color:#0099cd;\"><h6><span style=\"color: #0099cd;\">Objetivos espec\u00edficos: <\/span>Identificar los procedimientos t\u00e9cnicos y administrativos necesarios para dar cumplimiento al Reglamento sobre Manejo de Residuos de Establecimientos de Atenci\u00f3n de Salud, garantizando el menor riesgo posible.<\/h6>\n<h6><span style=\"color: #0099cd;\">Contenidos:<\/span><\/h6>\n<ol>\n<li>Plan de Manejo de REAS y de Contingencias\n<ol>\n<li style=\"list-style-type: none;\">\n<ol>\n<li>Establecimientos sujetos a presentar un Plan de REAS.<\/li>\n<li>Diagn\u00f3stico de la Generaci\u00f3n y manejo de REAS.<\/li>\n<li>Elementos de un plan de manejo de REAS.<\/li>\n<\/ol>\n<\/li>\n<\/ol>\n<\/li>\n<\/ol>\n<\/div><\/details><\/div>\n","protected":false},"excerpt":{"rendered":"<h2><span style=\"color: #0099cd;\">Resumen del Curso<\/span><\/h2>\n<hr \/>\n<p><img decoding=\"async\" class=\"alignnone size-full wp-image-333\" style=\"font-weight: inherit;\" src=\"https:\/\/linketeach.cl\/wp-content\/uploads\/2021\/07\/education_computer_school_graduate_cap_monitor_icon_149680.png\" alt=\"\" width=\"48\" height=\"48\" \/>32 horas &#8211; 3 m\u00f3dulos<\/p>\n<p><img decoding=\"async\" class=\"alignnone size-full wp-image-332\" src=\"https:\/\/linketeach.cl\/wp-content\/uploads\/2021\/07\/education_book_learn_learning_icon_149694.png\" alt=\"\" width=\"48\" height=\"48\" \/><a href=\"https:\/\/site.redlearning.cl\/wp-content\/uploads\/2021\/01\/REAS.pdf\" target=\"_blank\" rel=\"noopener\">Programa del Curso<\/a><\/p>\n<p><img decoding=\"async\" class=\"alignnone size-medium wp-image-335\" src=\"https:\/\/linketeach.cl\/wp-content\/uploads\/2021\/07\/notes_clipboard_icon_149712-1.png\" alt=\"\" width=\"48\" height=\"48\" \/>Evaluaci\u00f3n Final<\/p>\n<p><img loading=\"lazy\" decoding=\"async\" class=\"alignnone size-medium wp-image-334\" style=\"font-weight: inherit;\" src=\"https:\/\/linketeach.cl\/wp-content\/uploads\/2021\/07\/education_diploma_award_icon_149701.png\" alt=\"\" width=\"48\" height=\"48\" \/>Certificaci\u00f3n<\/p>\n","protected":false},"featured_media":10751,"template":"","meta":{"site-sidebar-layout":"no-sidebar","site-content-layout":"default","ast-site-content-layout":"default","site-content-style":"default","site-sidebar-style":"default","ast-global-header-display":"","ast-banner-title-visibility":"","ast-main-header-display":"","ast-hfb-above-header-display":"","ast-hfb-below-header-display":"","ast-hfb-mobile-header-display":"","site-post-title":"","ast-breadcrumbs-content":"","ast-featured-img":"","footer-sml-layout":"","ast-disable-related-posts":"","theme-transparent-header-meta":"default","adv-header-id-meta":"","stick-header-meta":"","header-above-stick-meta":"","header-main-stick-meta":"","header-below-stick-meta":"","astra-migrate-meta-layouts":"set","ast-page-background-enabled":"default","ast-page-background-meta":{"desktop":{"background-color":"","background-image":"","background-repeat":"repeat","background-position":"center center","background-size":"auto","background-attachment":"scroll","background-type":"","background-media":"","overlay-type":"","overlay-color":"","overlay-opacity":"","overlay-gradient":""},"tablet":{"background-color":"","background-image":"","background-repeat":"repeat","background-position":"center center","background-size":"auto","background-attachment":"scroll","background-type":"","background-media":"","overlay-type":"","overlay-color":"","overlay-opacity":"","overlay-gradient":""},"mobile":{"background-color":"","background-image":"","background-repeat":"repeat","background-position":"center center","background-size":"auto","background-attachment":"scroll","background-type":"","background-media":"","overlay-type":"","overlay-color":"","overlay-opacity":"","overlay-gradient":""}},"ast-content-background-meta":{"desktop":{"background-color":"var(--ast-global-color-5)","background-image":"","background-repeat":"repeat","background-position":"center center","background-size":"auto","background-attachment":"scroll","background-type":"","background-media":"","overlay-type":"","overlay-color":"","overlay-opacity":"","overlay-gradient":""},"tablet":{"background-color":"var(--ast-global-color-5)","background-image":"","background-repeat":"repeat","background-position":"center center","background-size":"auto","background-attachment":"scroll","background-type":"","background-media":"","overlay-type":"","overlay-color":"","overlay-opacity":"","overlay-gradient":""},"mobile":{"background-color":"var(--ast-global-color-5)","background-image":"","background-repeat":"repeat","background-position":"center center","background-size":"auto","background-attachment":"scroll","background-type":"","background-media":"","overlay-type":"","overlay-color":"","overlay-opacity":"","overlay-gradient":""}},"_joinchat":[]},"product_brand":[],"product_cat":[425],"product_tag":[],"class_list":{"0":"post-17574","1":"product","2":"type-product","3":"status-publish","4":"has-post-thumbnail","6":"product_cat-cursos","7":"desktop-align-left","8":"tablet-align-left","9":"mobile-align-left","11":"first","12":"instock","13":"sale","14":"downloadable","15":"virtual","16":"sold-individually","17":"purchasable","18":"product-type-simple"},"_links":{"self":[{"href":"https:\/\/site.redlearning.cl\/index.php?rest_route=\/wp\/v2\/product\/17574","targetHints":{"allow":["GET"]}}],"collection":[{"href":"https:\/\/site.redlearning.cl\/index.php?rest_route=\/wp\/v2\/product"}],"about":[{"href":"https:\/\/site.redlearning.cl\/index.php?rest_route=\/wp\/v2\/types\/product"}],"wp:featuredmedia":[{"embeddable":true,"href":"https:\/\/site.redlearning.cl\/index.php?rest_route=\/wp\/v2\/media\/10751"}],"wp:attachment":[{"href":"https:\/\/site.redlearning.cl\/index.php?rest_route=%2Fwp%2Fv2%2Fmedia&parent=17574"}],"wp:term":[{"taxonomy":"product_brand","embeddable":true,"href":"https:\/\/site.redlearning.cl\/index.php?rest_route=%2Fwp%2Fv2%2Fproduct_brand&post=17574"},{"taxonomy":"product_cat","embeddable":true,"href":"https:\/\/site.redlearning.cl\/index.php?rest_route=%2Fwp%2Fv2%2Fproduct_cat&post=17574"},{"taxonomy":"product_tag","embeddable":true,"href":"https:\/\/site.redlearning.cl\/index.php?rest_route=%2Fwp%2Fv2%2Fproduct_tag&post=17574"}],"curies":[{"name":"wp","href":"https:\/\/api.w.org\/{rel}","templated":true}]}}