{"id":17578,"date":"2024-04-25T17:28:10","date_gmt":"2024-04-25T20:28:10","guid":{"rendered":"https:\/\/site.redlearning.cl\/?post_type=product&#038;p=17578"},"modified":"2025-11-03T17:33:44","modified_gmt":"2025-11-03T20:33:44","slug":"curso-estrategias-metodologicas-de-aprendizaje-basado-en-proyectos-abp-4","status":"publish","type":"product","link":"https:\/\/site.redlearning.cl\/?product=curso-estrategias-metodologicas-de-aprendizaje-basado-en-proyectos-abp-4","title":{"rendered":"Curso Estrategias metodol\u00f3gicas de Aprendizaje Basado en Proyectos (ABP)"},"content":{"rendered":"<p>El sistema de educaci\u00f3n formal est\u00e1 en crisis. La idea, ahora cada vez m\u00e1s anticuada, de una clase presencial, en el aula de un colegio, donde el profesor dicta su materia de forma unidireccional est\u00e1 lentamente quedando en el pasado. Nuevas metodolog\u00edas se han desarrollado con mayor profundidad en c\u00edrculos acad\u00e9micos, nuevas iniciativas han sido impulsadas por parte de fundaciones y gobiernos con el prop\u00f3sito de incentivar estas nuevas pr\u00e1cticas en el aula. Pero, \u00bfpor qu\u00e9? El r\u00e1pido avance de la tecnolog\u00eda ha modificado gran parte de nuestras conductas, hoy vivimos en la era de la informaci\u00f3n, en medio de una revoluci\u00f3n digital que a\u00fan parece incipiente y esto sin duda nos ha despertado un inter\u00e9s hacia lo nuevo, lo novedoso, hacia algo que nos reporte m\u00e1s y mejores dividendos en menos tiempo.<\/p>\n<p>\u00bfPor qu\u00e9 estudiar un libro en concreto si hoy existe una enorme cantidad de material escrito y audiovisual gratuito y al alcance de todos? El aprendizaje basado en proyectos (ABP), viene a aportar un nuevo enfoque en la b\u00fasqueda del conocimiento y el aprender haciendo. Adem\u00e1s de incorporar en la maya curricular nuevas competencias necesarias en esta \u00e9poca actual, tales como: colaboraci\u00f3n, comunicaci\u00f3n, toma de decisiones y gesti\u00f3n del tiempo, el ABP es un esfuerzo para democratizar el conocimiento y la autonom\u00eda en la b\u00fasqueda de este. Dar el protagonismo a los estudiantes es uno de los pilares fundamentales, ya que de esta manera pueden investigar temas de su inter\u00e9s, dar soluciones a un problema desde su particular punto de vista y dise\u00f1ar y gestionar su propio proyecto.<\/p>\n<p>Por \u00faltimo, los resultados adem\u00e1s de ser acad\u00e9micos y sociales (habilidades blandas) se traducen en un crecimiento personal para los alumnos dot\u00e1ndolos de motivaci\u00f3n, iniciativa y autoestima.<\/p>\n<h2><span style=\"color: #0099cd;\">Objetivo General<\/span><\/h2>\n<hr \/>\n<p>Aplicar las t\u00e9cnicas metodol\u00f3gicas para dise\u00f1ar, implementar y evaluar acciones pedag\u00f3gicas basadas en el modelo de ABP, para articular el curr\u00edculo, la interacci\u00f3n pedag\u00f3gica y ambiente de aula para el logro de los aprendizajes.<\/p>\n<h2><span style=\"color: #0099cd;\">Metodolog\u00eda<\/span><\/h2>\n<hr \/>\n<p>Modalidad 100% Online y a tu ritmo.\u00a0Comienza de inmediato, completa todas las actividades y descarga tu certificado.<\/p>\n<h2><span style=\"color: #0099cd;\">Temario<\/span><\/h2>\n<hr \/>\n<div class=\"lightweight-accordion bordered has-text-color has-background\"><details><summary class=\"lightweight-accordion-title\" style=\"color:#ffffff;background:#0099cd;\"><span>M\u00f3dulo I - Fundamentos del Aprendizaje Basado en Proyectos<\/span><\/summary><div class=\"lightweight-accordion-body\" style=\"border-color:#0099cd;\"><h6><span style=\"color: #0099cd;\">Objetivos espec\u00edficos: <\/span>Identificar la organizaci\u00f3n t\u00e9cnica did\u00e1ctica del Aprendizaje Basado en proyectos para los desaf\u00edos pedag\u00f3gicos en la aula inclusiva y virtual.<\/h6>\n<h6><\/h6>\n<h6><span style=\"color: #0099cd;\">Contenidos:<\/span><\/h6>\n<ul>\n<li>Conceptualizaci\u00f3n: t\u00e9cnica, estrategia, metodolog\u00eda, modelo, did\u00e1ctica.<\/li>\n<li>Habilidades y competencias del siglo XXI en contexto.<\/li>\n<li>Metodolog\u00edas y pr\u00e1cticas did\u00e1cticas.<\/li>\n<li>Antecedentes y contexto del ABP.<\/li>\n<li>Organizaci\u00f3n del APB como metodolog\u00eda.<\/li>\n<li>Transversalidad<\/li>\n<li>Rol del docente.<\/li>\n<li>Rol del alumnado.<\/li>\n<li>Modelos de promoci\u00f3n de aprendizajes en espacios educativos inclusivos.<\/li>\n<li>Desaf\u00edos educativos para los aprendizajes en el aula inclusiva y virtual.<\/li>\n<li>Enfoque de Inteligencias M\u00faltiples<\/li>\n<li>Aprendizaje por Competencias<\/li>\n<\/ul>\n<\/div><\/details><\/div>\n<div class=\"lightweight-accordion bordered has-text-color has-background\"><details><summary class=\"lightweight-accordion-title\" style=\"color:#ffffff;background:#0099cd;\"><span>M\u00f3dulo II - Dise\u00f1o y Planificaci\u00f3n del ABP I<\/span><\/summary><div class=\"lightweight-accordion-body\" style=\"border-color:#0099cd;\"><h6><span style=\"color: #0099cd;\">Objetivos espec\u00edficos: <\/span>Manejar la metodolog\u00eda ABP para dise\u00f1ar un proyecto educativo de ense\u00f1anza-aprendizaje.<\/h6>\n<h6><\/h6>\n<h6><span style=\"color: #0099cd;\">Contenidos:<\/span><\/h6>\n<ul>\n<li>El ABP y las Teor\u00edas del Aprendizaje.<\/li>\n<li>Metodolog\u00eda ABP conceptos fundamentales.<\/li>\n<li>Estrategias metodol\u00f3gicas.<\/li>\n<li>Aprendizaje profundo y significativo. Experiencia Educativa<\/li>\n<li>Ciclo ABP o Est\u00e1ndares de ORO<\/li>\n<li>\u00bfQu\u00e9 es y qu\u00e9 no es ABP?<\/li>\n<li>Beneficios del ABP.<\/li>\n<li>Modelo Canvas. Planificaci\u00f3n flexible<\/li>\n<li>Planificaci\u00f3n ABP en modelo Canvas.<\/li>\n<\/ul>\n<\/div><\/details><\/div>\n<div class=\"lightweight-accordion bordered has-text-color has-background\"><details><summary class=\"lightweight-accordion-title\" style=\"color:#ffffff;background:#0099cd;\"><span>M\u00f3dulo III - Dise\u00f1o y Planificaci\u00f3n del ABP II<\/span><\/summary><div class=\"lightweight-accordion-body\" style=\"border-color:#0099cd;\"><h6><span style=\"color: #0099cd;\">Objetivos espec\u00edficos: <\/span>Aplicar las fases para implementar un proyecto ABP para dise\u00f1ar un proyecto seg\u00fan la realidad educativa de los educandos.<\/h6>\n<h6><\/h6>\n<h6><span style=\"color: #0099cd;\">Contenidos:<\/span><\/h6>\n<ul>\n<li>Fundamentos planeamiento y dise\u00f1o de un proyecto ABP.<\/li>\n<li>Fases para implementar un aprendizaje basado en proyectos.\n<ul>\n<li style=\"list-style-type: none;\">\n<ol>\n<li>Identificaci\u00f3n y antecedentes del problema o desaf\u00edo; pregunta orientadora.<\/li>\n<li>Qu\u00e9 sabemos y que necesitamos saber para solucionar el problema.<\/li>\n<li>La investigaci\u00f3n.<\/li>\n<li>El producto con actividades a desarrollar en el proyecto.<\/li>\n<li>La evaluaci\u00f3n del proyecto.<\/li>\n<\/ol>\n<\/li>\n<\/ul>\n<\/li>\n<li>Adaptaci\u00f3n del ABP al aula virtual. Incorporaci\u00f3n de las TICs a los proyectos escolares.<\/li>\n<li>Interdisciplinariedad y Avance Curricular OA Priorizados entre niveles de asignatura.<\/li>\n<li>El aprendizaje cooperativo.<\/li>\n<li>Plataforma Padlet.<\/li>\n<li>Dise\u00f1o proyecto en base al contexto educacional de los educandos.<\/li>\n<\/ul>\n<\/div><\/details><\/div>\n<div class=\"lightweight-accordion bordered has-text-color has-background\"><details><summary class=\"lightweight-accordion-title\" style=\"color:#ffffff;background:#0099cd;\"><span>M\u00f3dulo IV - Evaluaci\u00f3n del proyecto y Fases Finales<\/span><\/summary><div class=\"lightweight-accordion-body\" style=\"border-color:#0099cd;\"><h6><span style=\"color: #0099cd;\">Objetivos espec\u00edficos: <\/span>Aplicar recursos tecnol\u00f3gicos y estrategias que contribuyen al dise\u00f1o, desarrollo, difusi\u00f3n y validaci\u00f3n de un proyecto ABP en la comunidad educativa.<\/h6>\n<h6><\/h6>\n<h6><span style=\"color: #0099cd;\">Contenidos:<\/span><\/h6>\n<ul>\n<li>Evaluaci\u00f3n en ABP, formativa y de producto: Pauta de cotejo, escala de apreciaci\u00f3n, portafolio, r\u00fabrica, test o cuestionarios objetivos.<\/li>\n<li>Dise\u00f1os de gu\u00edas did\u00e1cticas y principios DUA para el autoaprendizaje mediado para aula inclusiva y virtual.<\/li>\n<li>Uso de herramientas cognitivas y ambientales de aprendizaje en ABP.<\/li>\n<li>Comunicaci\u00f3n y difusi\u00f3n.<\/li>\n<li>Herramientas y estrategias para validar un proyecto ABP en una comunidad educativa<\/li>\n<\/ul>\n<\/div><\/details><\/div>\n<div class=\"lightweight-accordion bordered has-text-color has-background\"><details><summary class=\"lightweight-accordion-title\" style=\"color:#ffffff;background:#0099cd;\"><span>M\u00f3dulo Final - Evaluando lo aprendido<\/span><\/summary><div class=\"lightweight-accordion-body\" style=\"border-color:#0099cd;\"><h6><span style=\"color: #0099cd;\">Test Global de alternativas.<br \/>\n<\/span><\/h6>\n<\/div><\/details><\/div>\n","protected":false},"excerpt":{"rendered":"<p><span style=\"color: #0099cd;\">Resumen del Curso<\/span><\/p>\n<hr \/>\n<p><img decoding=\"async\" class=\"alignnone size-full wp-image-333\" style=\"font-weight: inherit;\" src=\"https:\/\/linketeach.cl\/wp-content\/uploads\/2021\/07\/education_computer_school_graduate_cap_monitor_icon_149680.png\" alt=\"\" width=\"48\" height=\"48\" \/>42 horas<\/p>\n<p><img decoding=\"async\" class=\"alignnone size-full wp-image-332\" src=\"https:\/\/linketeach.cl\/wp-content\/uploads\/2021\/07\/education_book_learn_learning_icon_149694.png\" alt=\"\" width=\"48\" height=\"48\" \/><a href=\"https:\/\/site.redlearning.cl\/wp-content\/uploads\/2023\/03\/auto-c-estrategiasmetodologicasdeaprendizajebasadoenproyectosabp.pdf\" target=\"_blank\" rel=\"noopener\">Programa del Curso<\/a><\/p>\n<p><img decoding=\"async\" class=\"alignnone size-medium wp-image-335\" src=\"https:\/\/linketeach.cl\/wp-content\/uploads\/2021\/07\/notes_clipboard_icon_149712-1.png\" alt=\"\" width=\"48\" height=\"48\" \/>Evaluaci\u00f3n Final<\/p>\n<p><img loading=\"lazy\" decoding=\"async\" class=\"alignnone size-medium wp-image-334\" style=\"font-weight: inherit;\" src=\"https:\/\/linketeach.cl\/wp-content\/uploads\/2021\/07\/education_diploma_award_icon_149701.png\" alt=\"\" width=\"48\" height=\"48\" \/>Certificaci\u00f3n<\/p>\n","protected":false},"featured_media":14193,"template":"","meta":{"site-sidebar-layout":"no-sidebar","site-content-layout":"default","ast-site-content-layout":"default","site-content-style":"default","site-sidebar-style":"default","ast-global-header-display":"","ast-banner-title-visibility":"","ast-main-header-display":"","ast-hfb-above-header-display":"","ast-hfb-below-header-display":"","ast-hfb-mobile-header-display":"","site-post-title":"","ast-breadcrumbs-content":"","ast-featured-img":"","footer-sml-layout":"","ast-disable-related-posts":"","theme-transparent-header-meta":"default","adv-header-id-meta":"","stick-header-meta":"","header-above-stick-meta":"","header-main-stick-meta":"","header-below-stick-meta":"","astra-migrate-meta-layouts":"set","ast-page-background-enabled":"default","ast-page-background-meta":{"desktop":{"background-color":"","background-image":"","background-repeat":"repeat","background-position":"center center","background-size":"auto","background-attachment":"scroll","background-type":"","background-media":"","overlay-type":"","overlay-color":"","overlay-opacity":"","overlay-gradient":""},"tablet":{"background-color":"","background-image":"","background-repeat":"repeat","background-position":"center center","background-size":"auto","background-attachment":"scroll","background-type":"","background-media":"","overlay-type":"","overlay-color":"","overlay-opacity":"","overlay-gradient":""},"mobile":{"background-color":"","background-image":"","background-repeat":"repeat","background-position":"center center","background-size":"auto","background-attachment":"scroll","background-type":"","background-media":"","overlay-type":"","overlay-color":"","overlay-opacity":"","overlay-gradient":""}},"ast-content-background-meta":{"desktop":{"background-color":"var(--ast-global-color-5)","background-image":"","background-repeat":"repeat","background-position":"center center","background-size":"auto","background-attachment":"scroll","background-type":"","background-media":"","overlay-type":"","overlay-color":"","overlay-opacity":"","overlay-gradient":""},"tablet":{"background-color":"var(--ast-global-color-5)","background-image":"","background-repeat":"repeat","background-position":"center center","background-size":"auto","background-attachment":"scroll","background-type":"","background-media":"","overlay-type":"","overlay-color":"","overlay-opacity":"","overlay-gradient":""},"mobile":{"background-color":"var(--ast-global-color-5)","background-image":"","background-repeat":"repeat","background-position":"center center","background-size":"auto","background-attachment":"scroll","background-type":"","background-media":"","overlay-type":"","overlay-color":"","overlay-opacity":"","overlay-gradient":""}},"_joinchat":[]},"product_brand":[],"product_cat":[425],"product_tag":[],"class_list":{"0":"post-17578","1":"product","2":"type-product","3":"status-publish","4":"has-post-thumbnail","6":"product_cat-cursos","7":"desktop-align-left","8":"tablet-align-left","9":"mobile-align-left","11":"first","12":"instock","13":"sale","14":"downloadable","15":"virtual","16":"sold-individually","17":"purchasable","18":"product-type-simple"},"_links":{"self":[{"href":"https:\/\/site.redlearning.cl\/index.php?rest_route=\/wp\/v2\/product\/17578","targetHints":{"allow":["GET"]}}],"collection":[{"href":"https:\/\/site.redlearning.cl\/index.php?rest_route=\/wp\/v2\/product"}],"about":[{"href":"https:\/\/site.redlearning.cl\/index.php?rest_route=\/wp\/v2\/types\/product"}],"wp:featuredmedia":[{"embeddable":true,"href":"https:\/\/site.redlearning.cl\/index.php?rest_route=\/wp\/v2\/media\/14193"}],"wp:attachment":[{"href":"https:\/\/site.redlearning.cl\/index.php?rest_route=%2Fwp%2Fv2%2Fmedia&parent=17578"}],"wp:term":[{"taxonomy":"product_brand","embeddable":true,"href":"https:\/\/site.redlearning.cl\/index.php?rest_route=%2Fwp%2Fv2%2Fproduct_brand&post=17578"},{"taxonomy":"product_cat","embeddable":true,"href":"https:\/\/site.redlearning.cl\/index.php?rest_route=%2Fwp%2Fv2%2Fproduct_cat&post=17578"},{"taxonomy":"product_tag","embeddable":true,"href":"https:\/\/site.redlearning.cl\/index.php?rest_route=%2Fwp%2Fv2%2Fproduct_tag&post=17578"}],"curies":[{"name":"wp","href":"https:\/\/api.w.org\/{rel}","templated":true}]}}