{"id":17579,"date":"2024-04-25T17:30:36","date_gmt":"2024-04-25T20:30:36","guid":{"rendered":"https:\/\/site.redlearning.cl\/?post_type=product&#038;p=17579"},"modified":"2025-11-03T17:33:44","modified_gmt":"2025-11-03T20:33:44","slug":"curso-barreras-para-el-aprendizaje-4","status":"publish","type":"product","link":"https:\/\/site.redlearning.cl\/?product=curso-barreras-para-el-aprendizaje-4","title":{"rendered":"Curso Barreras para el Aprendizaje"},"content":{"rendered":"<p>Muchos han sido los enfoques, paradigmas y posturas sociales por los cuales ha pasado la educaci\u00f3n chilena en t\u00e9rminos de diversidad y valoraci\u00f3n de la misma. Durante mucho tiempo, la educaci\u00f3n ha tendido a homogeneizar, buscando estrategias para ense\u00f1arles \u201ca todos\/as\u201d, como grupo curso; evitando adentrarse en el mundo individual y \u00fanico de cada alumno\/a que habita en ese sal\u00f3n. Poco a poco, el modelo m\u00e9dico fue incorpor\u00e1ndose al mundo educativo, llevando los diagn\u00f3sticos para nombrar situaciones\/personas que no calzaban con lo esperado (ritmo, nivel de comprensi\u00f3n, estilo de comportamiento, etc.). A este grupo humano se le llam\u00f3 \u201cnecesidades educativas especiales\u201d; a decir, ni\u00f1os\/as y j\u00f3venes que presentaban ciertas caracter\u00edsticas que les imped\u00edan aprender de la forma socialmente esperada para esa edad y contexto social. Esas caracter\u00edsticas correspond\u00edan, la mayor cantidad de veces, a d\u00e9ficits diagnosticables y, en muchos casos, tambi\u00e9n medicables.<\/p>\n<p>Actualmente, hemos comprendido que el proceso de aprendizaje es particular e idiosincr\u00e1tico, alusivo a las caracter\u00edsticas personales, su historia de vida, el contexto social en el cual ha crecido, etc. Y, no s\u00f3lo esa conjunci\u00f3n, donde aparece s\u00f3lo el\/la alumno\/a; sino que tambi\u00e9n es necesario complementarlo con las caracter\u00edsticas propias del\/la docente (su historia, vocaci\u00f3n, caracter\u00edsticas personales) y el contexto social que rodea a ambos. Por tanto, cuando un\/a alumno\/a no aprende tan r\u00e1pido como se desea, ya no s\u00f3lo se observa a esa persona, sino a todo el contexto y la din\u00e1mica entre los elementos; acu\u00f1\u00e1ndose, entonces, el t\u00e9rmino de barreras para el aprendizaje.<\/p>\n<p>Este curso est\u00e1 pensado para todo\/a aquel\/la profesional que desee, no s\u00f3lo observar a ese\/a alumno\/a, sino tambi\u00e9n a s\u00ed mismo, su quehacer laboral y el sistema educacional en el cual se encuentra inserto\/a; de forma honesta, cr\u00edtica, reflexiva, comprometida y transformadora.<\/p>\n<h2><span style=\"color: #0099cd;\">Objetivo General<\/span><\/h2>\n<hr \/>\n<p>Este curso est\u00e1 dirigido a profesionales del \u00e1rea de la educaci\u00f3n, interesados\/as en adquirir conocimientos sobre las diversas barreras en el aprendizaje que existen actualmente, considerando tanto las caracter\u00edsticas propias de ni\u00f1os\/as y j\u00f3venes, como aquellas correspondientes al sistema educacional imperante.<\/p>\n<h2><span style=\"color: #0099cd;\">Metodolog\u00eda<\/span><\/h2>\n<hr \/>\n<p>Modalidad 100% Online y a tu ritmo.\u00a0Comienza de inmediato, completa todas las actividades y descarga tu certificado.<\/p>\n<h2><span style=\"color: #0099cd;\">Temario<\/span><\/h2>\n<hr \/>\n<div class=\"lightweight-accordion bordered has-text-color has-background\"><details><summary class=\"lightweight-accordion-title\" style=\"color:#ffffff;background:#0099cd;\"><span>M\u00f3dulo I - Normalidad y diversidad<\/span><\/summary><div class=\"lightweight-accordion-body\" style=\"border-color:#0099cd;\"><h6><span style=\"color: #0099cd;\">Objetivos espec\u00edficos: <\/span>Comprender los diversos paradigmas desde donde se entiende aquello que es \u201cnormal\u201d o \u201cdiferente\u201d, para llegar a un consenso basado en el enfoque de derechos humanos.<\/h6>\n<h6><span style=\"color: #0099cd;\">Duraci\u00f3n: <\/span>20 horas<\/h6>\n<h6><span style=\"color: #0099cd;\">Contenidos:<\/span><\/h6>\n<ul>\n<li>Criterios de normalidad: estad\u00edstico, m\u00e9dico, social, procedual.<\/li>\n<li>Evoluci\u00f3n social con respecto a la diversidad: exclusi\u00f3n, segregaci\u00f3n, integraci\u00f3n, inclusi\u00f3n<\/li>\n<li>Derechos humanos<\/li>\n<\/ul>\n<\/div><\/details><\/div>\n<div class=\"lightweight-accordion bordered has-text-color has-background\"><details><summary class=\"lightweight-accordion-title\" style=\"color:#ffffff;background:#0099cd;\"><span>M\u00f3dulo II - Problemas de Aprendizaje en Ni\u00f1os\/as y j\u00f3venes<\/span><\/summary><div class=\"lightweight-accordion-body\" style=\"border-color:#0099cd;\"><h6><span style=\"color: #0099cd;\">Objetivos espec\u00edficos: <\/span>Comprender y analizar las principales caracter\u00edsticas y situaciones de ni\u00f1os\/as y j\u00f3venes, que pueden afectar su proceso de ense\u00f1anza-aprendizaje.<\/h6>\n<h6><span style=\"color: #0099cd;\">Duraci\u00f3n: <\/span>20 horas<\/h6>\n<h6><span style=\"color: #0099cd;\">Contenidos:<\/span><\/h6>\n<ul>\n<li>Aspectos m\u00e9dicos: d\u00e9ficits o afecciones.<\/li>\n<li>Aspectos emocionales: problemas de identidad, desmotivaci\u00f3n, autoestima.<\/li>\n<li>Aspectos contextuales: separaciones, violencia intrafamiliar, trabajo infantil, entre otros.<\/li>\n<\/ul>\n<\/div><\/details><\/div>\n<div class=\"lightweight-accordion bordered has-text-color has-background\"><details><summary class=\"lightweight-accordion-title\" style=\"color:#ffffff;background:#0099cd;\"><span>M\u00f3dulo III - Problemas de Aprendizaje asociados a la labor docente<\/span><\/summary><div class=\"lightweight-accordion-body\" style=\"border-color:#0099cd;\"><h6><span style=\"color: #0099cd;\">Objetivos espec\u00edficos: <\/span>Realizar un an\u00e1lisis cr\u00edtico sobre la labor docente y las barreras que impone al momento de educar.<\/h6>\n<h6><span style=\"color: #0099cd;\">Duraci\u00f3n: <\/span>20 horas<\/h6>\n<h6><span style=\"color: #0099cd;\">Contenidos:<\/span><\/h6>\n<ul>\n<li>Educaci\u00f3n tradicional v\/s educaci\u00f3n informal<\/li>\n<li>An\u00e1lisis desde el IKIGAI: Vocaci\u00f3n + Pasi\u00f3n<\/li>\n<li>\u00bfQu\u00e9 es ser profesor\/a? \u00bfQu\u00e9 se entiende en la actualidad desde la modernidad l\u00edquida?<\/li>\n<li>Metodolog\u00edas activas y participativas<\/li>\n<\/ul>\n<\/div><\/details><\/div>\n<div class=\"lightweight-accordion bordered has-text-color has-background\"><details><summary class=\"lightweight-accordion-title\" style=\"color:#ffffff;background:#0099cd;\"><span>M\u00f3dulo IV - Problemas de Aprendizaje asociados al contexto educativo actual<\/span><\/summary><div class=\"lightweight-accordion-body\" style=\"border-color:#0099cd;\"><h6><span style=\"color: #0099cd;\">Objetivos espec\u00edficos: <\/span>Realizar un an\u00e1lisis cr\u00edtico sobre el sistema educativo actual, sus paradigmas y barreras que impone al momento de incluir.<\/h6>\n<h6><span style=\"color: #0099cd;\">Duraci\u00f3n: <\/span>20 horas<\/h6>\n<h6><span style=\"color: #0099cd;\">Contenidos:<\/span><\/h6>\n<ul>\n<li>Acceso y dise\u00f1o universal.<\/li>\n<li>Habilidades del siglo XXI y su aplicaci\u00f3n dentro del sal\u00f3n.<\/li>\n<li>Educaci\u00f3n en pandemia y las dificultades en la mantenci\u00f3n del modelo.<\/li>\n<\/ul>\n<\/div><\/details><\/div>\n<div class=\"lightweight-accordion bordered has-text-color has-background\"><details><summary class=\"lightweight-accordion-title\" style=\"color:#ffffff;background:#0099cd;\"><span>M\u00f3dulo Final - Evaluaci\u00f3n<\/span><\/summary><div class=\"lightweight-accordion-body\" style=\"border-color:#0099cd;\"><h6><span style=\"color: #0099cd;\">Test Final<\/span><\/h6>\n<\/div><\/details><\/div>\n","protected":false},"excerpt":{"rendered":"<p><span style=\"color: #0099cd;\">Resumen del Curso<\/span><\/p>\n<hr \/>\n<p><img decoding=\"async\" class=\"alignnone size-full wp-image-333\" style=\"font-weight: inherit;\" src=\"https:\/\/linketeach.cl\/wp-content\/uploads\/2021\/07\/education_computer_school_graduate_cap_monitor_icon_149680.png\" alt=\"\" width=\"48\" height=\"48\" \/>72\u00a0horas<\/p>\n<p><img decoding=\"async\" class=\"alignnone size-full wp-image-332\" src=\"https:\/\/linketeach.cl\/wp-content\/uploads\/2021\/07\/education_book_learn_learning_icon_149694.png\" alt=\"\" width=\"48\" height=\"48\" \/><a href=\"https:\/\/site.redlearning.cl\/wp-content\/uploads\/2023\/03\/auto-c-barrerasparaelaprendizaje.pdf\" target=\"_blank\" rel=\"noopener\">Programa del Curso<\/a><\/p>\n<p><img decoding=\"async\" class=\"alignnone size-medium wp-image-335\" src=\"https:\/\/linketeach.cl\/wp-content\/uploads\/2021\/07\/notes_clipboard_icon_149712-1.png\" alt=\"\" width=\"48\" height=\"48\" \/>Evaluaci\u00f3n Final<\/p>\n<p><img loading=\"lazy\" decoding=\"async\" class=\"alignnone size-medium wp-image-334\" style=\"font-weight: inherit;\" src=\"https:\/\/linketeach.cl\/wp-content\/uploads\/2021\/07\/education_diploma_award_icon_149701.png\" alt=\"\" width=\"48\" height=\"48\" \/>Certificaci\u00f3n<\/p>\n","protected":false},"featured_media":14177,"template":"","meta":{"site-sidebar-layout":"no-sidebar","site-content-layout":"default","ast-site-content-layout":"default","site-content-style":"default","site-sidebar-style":"default","ast-global-header-display":"","ast-banner-title-visibility":"","ast-main-header-display":"","ast-hfb-above-header-display":"","ast-hfb-below-header-display":"","ast-hfb-mobile-header-display":"","site-post-title":"","ast-breadcrumbs-content":"","ast-featured-img":"","footer-sml-layout":"","ast-disable-related-posts":"","theme-transparent-header-meta":"default","adv-header-id-meta":"","stick-header-meta":"","header-above-stick-meta":"","header-main-stick-meta":"","header-below-stick-meta":"","astra-migrate-meta-layouts":"set","ast-page-background-enabled":"default","ast-page-background-meta":{"desktop":{"background-color":"","background-image":"","background-repeat":"repeat","background-position":"center center","background-size":"auto","background-attachment":"scroll","background-type":"","background-media":"","overlay-type":"","overlay-color":"","overlay-opacity":"","overlay-gradient":""},"tablet":{"background-color":"","background-image":"","background-repeat":"repeat","background-position":"center center","background-size":"auto","background-attachment":"scroll","background-type":"","background-media":"","overlay-type":"","overlay-color":"","overlay-opacity":"","overlay-gradient":""},"mobile":{"background-color":"","background-image":"","background-repeat":"repeat","background-position":"center center","background-size":"auto","background-attachment":"scroll","background-type":"","background-media":"","overlay-type":"","overlay-color":"","overlay-opacity":"","overlay-gradient":""}},"ast-content-background-meta":{"desktop":{"background-color":"var(--ast-global-color-5)","background-image":"","background-repeat":"repeat","background-position":"center center","background-size":"auto","background-attachment":"scroll","background-type":"","background-media":"","overlay-type":"","overlay-color":"","overlay-opacity":"","overlay-gradient":""},"tablet":{"background-color":"var(--ast-global-color-5)","background-image":"","background-repeat":"repeat","background-position":"center center","background-size":"auto","background-attachment":"scroll","background-type":"","background-media":"","overlay-type":"","overlay-color":"","overlay-opacity":"","overlay-gradient":""},"mobile":{"background-color":"var(--ast-global-color-5)","background-image":"","background-repeat":"repeat","background-position":"center center","background-size":"auto","background-attachment":"scroll","background-type":"","background-media":"","overlay-type":"","overlay-color":"","overlay-opacity":"","overlay-gradient":""}},"_joinchat":[]},"product_brand":[],"product_cat":[425],"product_tag":[],"class_list":{"0":"post-17579","1":"product","2":"type-product","3":"status-publish","4":"has-post-thumbnail","6":"product_cat-cursos","7":"desktop-align-left","8":"tablet-align-left","9":"mobile-align-left","11":"first","12":"instock","13":"sale","14":"downloadable","15":"virtual","16":"sold-individually","17":"purchasable","18":"product-type-simple"},"_links":{"self":[{"href":"https:\/\/site.redlearning.cl\/index.php?rest_route=\/wp\/v2\/product\/17579","targetHints":{"allow":["GET"]}}],"collection":[{"href":"https:\/\/site.redlearning.cl\/index.php?rest_route=\/wp\/v2\/product"}],"about":[{"href":"https:\/\/site.redlearning.cl\/index.php?rest_route=\/wp\/v2\/types\/product"}],"wp:featuredmedia":[{"embeddable":true,"href":"https:\/\/site.redlearning.cl\/index.php?rest_route=\/wp\/v2\/media\/14177"}],"wp:attachment":[{"href":"https:\/\/site.redlearning.cl\/index.php?rest_route=%2Fwp%2Fv2%2Fmedia&parent=17579"}],"wp:term":[{"taxonomy":"product_brand","embeddable":true,"href":"https:\/\/site.redlearning.cl\/index.php?rest_route=%2Fwp%2Fv2%2Fproduct_brand&post=17579"},{"taxonomy":"product_cat","embeddable":true,"href":"https:\/\/site.redlearning.cl\/index.php?rest_route=%2Fwp%2Fv2%2Fproduct_cat&post=17579"},{"taxonomy":"product_tag","embeddable":true,"href":"https:\/\/site.redlearning.cl\/index.php?rest_route=%2Fwp%2Fv2%2Fproduct_tag&post=17579"}],"curies":[{"name":"wp","href":"https:\/\/api.w.org\/{rel}","templated":true}]}}