{"id":17582,"date":"2024-04-25T17:37:38","date_gmt":"2024-04-25T20:37:38","guid":{"rendered":"https:\/\/site.redlearning.cl\/?post_type=product&#038;p=17582"},"modified":"2025-11-03T17:33:44","modified_gmt":"2025-11-03T20:33:44","slug":"curso-business-intelligence-perfil-gestion-3","status":"publish","type":"product","link":"https:\/\/site.redlearning.cl\/?product=curso-business-intelligence-perfil-gestion-3","title":{"rendered":"Curso Business Intelligence (Perfil Gesti\u00f3n)"},"content":{"rendered":"<p>Hoy en d\u00eda, el Business Intelligence o inteligencia empresarial, es el grupo de estrategias, aplicaciones, datos, tecnolog\u00edas, productos y arquitecturas t\u00e9cnicas, enfocadas a la gesti\u00f3n y creaci\u00f3n de conocimiento acerca del medio, utilizando herramientas anal\u00edticas de los datos que se tienen de una empresa o corporaci\u00f3n; dicho en otras palabras; el programa tiene una destacada parte adicional dedicada al Big Data, un tema nuevo que puede cambiar radicalmente el mundo de la gesti\u00f3n empresarial. Tales herramientas son necesarias en una sociedad de informaci\u00f3n y conocimiento; cuya digitalizaci\u00f3n se acrecienta y se impregna en ella a pasos agigantados.<\/p>\n<p>Esta formaci\u00f3n te presenta las herramientas y t\u00e9cnicas de an\u00e1lisis de datos e inteligencia de negocio necesarias para la toma de decisiones, en base a la explotaci\u00f3n de los datos masivos que han proliferado con el crecimiento y las posibilidades que ofrece la informaci\u00f3n digital. La anal\u00edtica web, as\u00ed como el Business Intelligence, est\u00e1n jugando un papel cada vez m\u00e1s preponderante en las organizaciones que ven necesaria la toma de decisiones estrat\u00e9gicas mediante inteligencia competitiva.<\/p>\n<p>En ese sentido, es una formaci\u00f3n que te permitir\u00e1 explicar el verdadero sentido de la informaci\u00f3n y el conocimiento en la<br \/>\norganizaci\u00f3n, relacionar la informaci\u00f3n con una buena, eficiente y eficaz direcci\u00f3n general de la empresa, y trabajar el Big Data para la mejora de la gesti\u00f3n empresarial en todos sus sentidos. Y asimismo conocer las respuestas a interrogantes como \u00bfpor qu\u00e9 es importante implantar un sistema Business Intelligence en la organizaci\u00f3n?, \u00bfQui\u00e9n participa en el proyecto de implantaci\u00f3n?, \u00bfCu\u00e1les son las principales herramientas relacionadas con BI y c\u00f3mo utilizarlas? Y, por \u00faltimo, \u00bfQu\u00e9 es Big Data, cu\u00e1l es su origen y c\u00f3mo se utiliza?<\/p>\n<h2><span style=\"color: #0099cd;\">Objetivo General<\/span><\/h2>\n<hr \/>\n<p>Aplicar las herramientas id\u00f3neas en Business Intelligence para cubrir las exigencias de la organizaci\u00f3n, mediante el conocimiento de t\u00e9cnicas estad\u00edsticas avanzadas y b\u00fasqueda de patrones en la informaci\u00f3n adquirida, para su an\u00e1lisis y posterior toma de decisiones.<\/p>\n<h2><span style=\"color: #0099cd;\">Metodolog\u00eda<\/span><\/h2>\n<hr \/>\n<p>Modalidad 100% Online y a tu ritmo.\u00a0Comienza de inmediato, completa todas las actividades y descarga tu certificado.<\/p>\n<h2><span style=\"color: #0099cd;\">Temario<\/span><\/h2>\n<hr \/>\n<div class=\"lightweight-accordion bordered has-text-color has-background\"><details><summary class=\"lightweight-accordion-title\" style=\"color:#ffffff;background:#0099cd;\"><span>M\u00f3dulo I - La Informaci\u00f3n en general: importancia y evoluci\u00f3n en la era digital<\/span><\/summary><div class=\"lightweight-accordion-body\" style=\"border-color:#0099cd;\"><h6><span style=\"color: #0099cd;\">Objetivos espec\u00edficos: <\/span>Comprender la evoluci\u00f3n de la informaci\u00f3n y su importancia en la era digital aplicada en las organizaciones .<\/h6>\n<h6><\/h6>\n<h6><span style=\"color: #0099cd;\">Contenidos:<\/span><\/h6>\n<ul>\n<li>Datos, Informaci\u00f3n, Conocimiento, Inteligencia en la era digital<\/li>\n<li>La informaci\u00f3n en una econom\u00eda de los intangibles<\/li>\n<li>Directivos, toma de decisiones e informaci\u00f3n<\/li>\n<li>La informaci\u00f3n en una sociedad digitalizada<\/li>\n<li>El papel cambiante de la informaci\u00f3n en la organizaci\u00f3n<\/li>\n<\/ul>\n<\/div><\/details><\/div>\n<div class=\"lightweight-accordion bordered has-text-color has-background\"><details><summary class=\"lightweight-accordion-title\" style=\"color:#ffffff;background:#0099cd;\"><span>M\u00f3dulo II - Introducci\u00f3n al sistema de Business Intelligence (BI)<\/span><\/summary><div class=\"lightweight-accordion-body\" style=\"border-color:#0099cd;\"><h6><span style=\"color: #0099cd;\">Objetivos espec\u00edficos: <\/span>Analizar las fuentes e integraci\u00f3n de datos, instrumentos y tendencias BI en el mercado actual; mediante la identificaci\u00f3n de las herramientas indispensables para cubrir las exigencias de las organizaciones.<\/h6>\n<h6><\/h6>\n<h6><span style=\"color: #0099cd;\">Contenidos:<\/span><\/h6>\n<ul>\n<li>Introducci\u00f3n al sistema BI: Conceptos b\u00e1sicos<\/li>\n<li>Niveles de madurez anal\u00edtica en la empresa<\/li>\n<li>Ciclo de vida de la informaci\u00f3n en un sistema BI<\/li>\n<li>Tendencias del mercado BI: Open Source BI,<\/li>\n<li>Sistemas de Big Data, Sistemas de BI Sociales,<\/li>\n<li>Sistemas de BI Geogr\u00e1fico<\/li>\n<li>Herramientas Business Intelligence:<\/li>\n<li>estudios de mercado, selecci\u00f3n y contrataci\u00f3n.<\/li>\n<\/ul>\n<\/div><\/details><\/div>\n<div class=\"lightweight-accordion bordered has-text-color has-background\"><details><summary class=\"lightweight-accordion-title\" style=\"color:#ffffff;background:#0099cd;\"><span>M\u00f3dulo III - Arquitectura e Implantaci\u00f3n de un proyecto de Business Intelligence. <\/span><\/summary><div class=\"lightweight-accordion-body\" style=\"border-color:#0099cd;\"><h6><span style=\"color: #0099cd;\">Objetivos espec\u00edficos: <\/span>Identificar las etapas y\/o procesos de la implantaci\u00f3n de un Proyecto BI en la organizaci\u00f3n.<\/h6>\n<h6><\/h6>\n<h6><span style=\"color: #0099cd;\">Contenidos:<\/span><\/h6>\n<ul>\n<li>Gesti\u00f3n de proyectos BI: etapas y conceptos.<\/li>\n<li>Arquitectura de un Proyecto Business Intelligence; Procesos de Extracci\u00f3n, Transformaci\u00f3n y Carga.<\/li>\n<li>El almac\u00e9n de Datos.<\/li>\n<li>Herramientas de Visualizaci\u00f3n y consulta: Reportes, DashBoards, OLAP y Data Mining.<\/li>\n<li>Procesos ETL.<\/li>\n<li>Creaci\u00f3n de cubos multidimensionales.<\/li>\n<li>Implementaci\u00f3n de Business Intelligence.<\/li>\n<li>Evaluaci\u00f3n del proyecto de Business Intelligence.<\/li>\n<\/ul>\n<\/div><\/details><\/div>\n<div class=\"lightweight-accordion bordered has-text-color has-background\"><details><summary class=\"lightweight-accordion-title\" style=\"color:#ffffff;background:#0099cd;\"><span>M\u00f3dulo IV - Big Data y Business Intelligence (BI)<\/span><\/summary><div class=\"lightweight-accordion-body\" style=\"border-color:#0099cd;\"><h6><span style=\"color: #0099cd;\">Objetivos espec\u00edficos: <\/span>Distinguir la importancia del Big Data en la aplicaci\u00f3n de Proyectos Business Intelligence en la organizaci\u00f3n<\/h6>\n<h6><\/h6>\n<h6><span style=\"color: #0099cd;\">Contenidos:<\/span><\/h6>\n<ul>\n<li>\u00bfQu\u00e9 es Big Data?<\/li>\n<li>La era de las grandes cantidades de informaci\u00f3n: Historia del Big Data<\/li>\n<li>La importancia de almacenar y extraer informaci\u00f3n<\/li>\n<li>Big Data enfocado a los negocios<\/li>\n<li>Open data<\/li>\n<li>\u00c1reas de transformaci\u00f3n digital en la empresa y modelos de negocio Big Data<\/li>\n<li>Inteligencia Empresarial y Ciencia de los Datos<\/li>\n<li>Estrategias para el Big Data<\/li>\n<li>Herramientas de Big Data<\/li>\n<li>Informaci\u00f3n p\u00fablica<\/li>\n<\/ul>\n<\/div><\/details><\/div>\n<div class=\"lightweight-accordion bordered has-text-color has-background\"><details><summary class=\"lightweight-accordion-title\" style=\"color:#ffffff;background:#0099cd;\"><span>M\u00f3dulo Final<\/span><\/summary><div class=\"lightweight-accordion-body\" style=\"border-color:#0099cd;\"><h6><span style=\"color: #0099cd;\">TEST FINAL<\/span><\/h6>\n<\/div><\/details><\/div>\n","protected":false},"excerpt":{"rendered":"<p><span style=\"color: #0099cd;\">Resumen del Curso<\/span><\/p>\n<hr \/>\n<p><img decoding=\"async\" class=\"alignnone size-full wp-image-333\" style=\"font-weight: inherit;\" src=\"https:\/\/linketeach.cl\/wp-content\/uploads\/2021\/07\/education_computer_school_graduate_cap_monitor_icon_149680.png\" alt=\"\" width=\"48\" height=\"48\" \/>60 horas<\/p>\n<p><img decoding=\"async\" class=\"alignnone size-full wp-image-332\" src=\"https:\/\/linketeach.cl\/wp-content\/uploads\/2021\/07\/education_book_learn_learning_icon_149694.png\" alt=\"\" width=\"48\" height=\"48\" \/><a href=\"https:\/\/site.redlearning.cl\/wp-content\/uploads\/2023\/03\/auto-c-herramientasdebusinessintelligencebi.pdf\" target=\"_blank\" rel=\"noopener\">Programa del Curso<\/a><\/p>\n<p><img decoding=\"async\" class=\"alignnone size-medium wp-image-335\" src=\"https:\/\/linketeach.cl\/wp-content\/uploads\/2021\/07\/notes_clipboard_icon_149712-1.png\" alt=\"\" width=\"48\" height=\"48\" \/>Evaluaci\u00f3n Final<\/p>\n<p><img loading=\"lazy\" decoding=\"async\" class=\"alignnone size-medium wp-image-334\" style=\"font-weight: inherit;\" src=\"https:\/\/linketeach.cl\/wp-content\/uploads\/2021\/07\/education_diploma_award_icon_149701.png\" alt=\"\" width=\"48\" height=\"48\" \/>Certificaci\u00f3n<\/p>\n","protected":false},"featured_media":14206,"template":"","meta":{"site-sidebar-layout":"no-sidebar","site-content-layout":"default","ast-site-content-layout":"default","site-content-style":"default","site-sidebar-style":"default","ast-global-header-display":"","ast-banner-title-visibility":"","ast-main-header-display":"","ast-hfb-above-header-display":"","ast-hfb-below-header-display":"","ast-hfb-mobile-header-display":"","site-post-title":"","ast-breadcrumbs-content":"","ast-featured-img":"","footer-sml-layout":"","ast-disable-related-posts":"","theme-transparent-header-meta":"default","adv-header-id-meta":"","stick-header-meta":"","header-above-stick-meta":"","header-main-stick-meta":"","header-below-stick-meta":"","astra-migrate-meta-layouts":"set","ast-page-background-enabled":"default","ast-page-background-meta":{"desktop":{"background-color":"","background-image":"","background-repeat":"repeat","background-position":"center center","background-size":"auto","background-attachment":"scroll","background-type":"","background-media":"","overlay-type":"","overlay-color":"","overlay-opacity":"","overlay-gradient":""},"tablet":{"background-color":"","background-image":"","background-repeat":"repeat","background-position":"center center","background-size":"auto","background-attachment":"scroll","background-type":"","background-media":"","overlay-type":"","overlay-color":"","overlay-opacity":"","overlay-gradient":""},"mobile":{"background-color":"","background-image":"","background-repeat":"repeat","background-position":"center center","background-size":"auto","background-attachment":"scroll","background-type":"","background-media":"","overlay-type":"","overlay-color":"","overlay-opacity":"","overlay-gradient":""}},"ast-content-background-meta":{"desktop":{"background-color":"var(--ast-global-color-5)","background-image":"","background-repeat":"repeat","background-position":"center center","background-size":"auto","background-attachment":"scroll","background-type":"","background-media":"","overlay-type":"","overlay-color":"","overlay-opacity":"","overlay-gradient":""},"tablet":{"background-color":"var(--ast-global-color-5)","background-image":"","background-repeat":"repeat","background-position":"center center","background-size":"auto","background-attachment":"scroll","background-type":"","background-media":"","overlay-type":"","overlay-color":"","overlay-opacity":"","overlay-gradient":""},"mobile":{"background-color":"var(--ast-global-color-5)","background-image":"","background-repeat":"repeat","background-position":"center center","background-size":"auto","background-attachment":"scroll","background-type":"","background-media":"","overlay-type":"","overlay-color":"","overlay-opacity":"","overlay-gradient":""}},"_joinchat":[]},"product_brand":[],"product_cat":[425],"product_tag":[],"class_list":{"0":"post-17582","1":"product","2":"type-product","3":"status-publish","4":"has-post-thumbnail","6":"product_cat-cursos","7":"desktop-align-left","8":"tablet-align-left","9":"mobile-align-left","11":"first","12":"instock","13":"sale","14":"downloadable","15":"virtual","16":"sold-individually","17":"purchasable","18":"product-type-simple"},"_links":{"self":[{"href":"https:\/\/site.redlearning.cl\/index.php?rest_route=\/wp\/v2\/product\/17582","targetHints":{"allow":["GET"]}}],"collection":[{"href":"https:\/\/site.redlearning.cl\/index.php?rest_route=\/wp\/v2\/product"}],"about":[{"href":"https:\/\/site.redlearning.cl\/index.php?rest_route=\/wp\/v2\/types\/product"}],"wp:featuredmedia":[{"embeddable":true,"href":"https:\/\/site.redlearning.cl\/index.php?rest_route=\/wp\/v2\/media\/14206"}],"wp:attachment":[{"href":"https:\/\/site.redlearning.cl\/index.php?rest_route=%2Fwp%2Fv2%2Fmedia&parent=17582"}],"wp:term":[{"taxonomy":"product_brand","embeddable":true,"href":"https:\/\/site.redlearning.cl\/index.php?rest_route=%2Fwp%2Fv2%2Fproduct_brand&post=17582"},{"taxonomy":"product_cat","embeddable":true,"href":"https:\/\/site.redlearning.cl\/index.php?rest_route=%2Fwp%2Fv2%2Fproduct_cat&post=17582"},{"taxonomy":"product_tag","embeddable":true,"href":"https:\/\/site.redlearning.cl\/index.php?rest_route=%2Fwp%2Fv2%2Fproduct_tag&post=17582"}],"curies":[{"name":"wp","href":"https:\/\/api.w.org\/{rel}","templated":true}]}}