{"id":17585,"date":"2024-04-25T17:43:49","date_gmt":"2024-04-25T20:43:49","guid":{"rendered":"https:\/\/site.redlearning.cl\/?post_type=product&#038;p=17585"},"modified":"2025-11-03T17:33:44","modified_gmt":"2025-11-03T20:33:44","slug":"curso-gestion-agil-de-proyectos-scrum-3","status":"publish","type":"product","link":"https:\/\/site.redlearning.cl\/?product=curso-gestion-agil-de-proyectos-scrum-3","title":{"rendered":"Curso Gesti\u00f3n \u00e1gil de Proyectos Scrum"},"content":{"rendered":"<p>En la actualidad, la gesti\u00f3n \u00e1gil de proyectos es necesaria como respuesta a los mercados actuales ya que tiene como objetivo dar garant\u00edas a las demandas del valor, reducci\u00f3n del tiempo de desarrollo, agilidad y fiabilidad de las mismas. En ese sentido, la metodolog\u00eda Scrum est\u00e1 especialmente indicada para proyectos en entornos complejos donde se necesita obtener resultados prontamente, donde los requisitos son cambiantes o poco definidos, donde la innovaci\u00f3n, la competitividad, la flexibilidad y la productividad son fundamentales. Esta formaci\u00f3n te permitir\u00e1 entonces, resolver situaciones r\u00e1pidamente, identificar y solucionar ineficiencias sistem\u00e1ticamente, y, asimismo, establecer un proceso de aprendizaje basado en el equipo y su capacidad para tomar decisiones de forma consensuada y enfocada a resultados.<\/p>\n<p>Dicho de otro modo, capacitado para gestionar sus proyectos mediante la metodolog\u00eda SCRUM, de forma \u00e1gil para mejorar la satisfacci\u00f3n de los clientes. Scrum forma parte de los m\u00e9todos \u00e1giles, y ha sido utilizado por grandes empresas, con muy buenos resultados; que han aparecido como alternativa a los m\u00e9todos cl\u00e1sicos de gesti\u00f3n de proyecto, trabajo en equipo e ingenier\u00eda ya que, a trav\u00e9s de esta metodolog\u00eda, se aplican de manera regular un conjunto de mejores pr\u00e1cticas para trabajar en equipo y obtener el mejor resultado posible de un proyecto bas\u00e1ndose en el principio \u00e1gil de desarrollo iterativo e incremental.<\/p>\n<h2><span style=\"color: #0099cd;\">Objetivo General<\/span><\/h2>\n<hr \/>\n<p>Utilizar herramientas de gesti\u00f3n \u00e1gil de proyectos scrum para el control y ejecuci\u00f3n de proyectos de acuerdo a los objetivos de la organizaci\u00f3n.<\/p>\n<h2><span style=\"color: #0099cd;\">Metodolog\u00eda<\/span><\/h2>\n<hr \/>\n<p>Modalidad 100% Online y a tu ritmo.\u00a0Comienza de inmediato, completa todas las actividades y descarga tu certificado.<\/p>\n<h2><span style=\"color: #0099cd;\">Temario<\/span><\/h2>\n<hr \/>\n<div class=\"lightweight-accordion bordered has-text-color has-background\"><details><summary class=\"lightweight-accordion-title\" style=\"color:#ffffff;background:#0099cd;\"><span>M\u00f3dulo I - Proyectos y de Gesti\u00f3n de Proyectos \u00c1gil<\/span><\/summary><div class=\"lightweight-accordion-body\" style=\"border-color:#0099cd;\"><h6><span style=\"color: #0099cd;\">Objetivos espec\u00edficos: <\/span>Identificar la metodolog\u00eda y componentes SCRUM para la gesti\u00f3n \u00e1gil de proyectos.<\/h6>\n<h6><\/h6>\n<h6><span style=\"color: #0099cd;\">Contenidos:<\/span><\/h6>\n<ul>\n<li>Agile Framework<\/li>\n<li>Principios b\u00e1sicos y valores de una metodolog\u00eda \u00e1gil<\/li>\n<li>Gesti\u00f3n \u00e1gil del conocimiento<\/li>\n<li>Introducci\u00f3n a Scrum: que es, principios b\u00e1sicos, desventajas, roles<\/li>\n<li>Que es SCRUM<\/li>\n<li>Los principios del framework de Scrum<\/li>\n<li>Desventajas<\/li>\n<li>Roles \u00f3 Equipo de Scrum<\/li>\n<li>Diferencias entre Scrum y una metodolog\u00eda tradicional<\/li>\n<li>Eventos<\/li>\n<li>El Sprint<\/li>\n<li>Cancelaci\u00f3n de un Sprint<\/li>\n<li>Planificaci\u00f3n de Sprint<\/li>\n<li>Producto Backlog y el Refinement meeting<\/li>\n<li>Sprint backlog y sprint planning meeting<\/li>\n<\/ul>\n<\/div><\/details><\/div>\n<div class=\"lightweight-accordion bordered has-text-color has-background\"><details><summary class=\"lightweight-accordion-title\" style=\"color:#ffffff;background:#0099cd;\"><span>M\u00f3dulo II - Herramientas para la planificaci\u00f3n<\/span><\/summary><div class=\"lightweight-accordion-body\" style=\"border-color:#0099cd;\"><h6><span style=\"color: #0099cd;\">Objetivos espec\u00edficos: <\/span>Utilizar las herramientas de planificaci\u00f3n SCRUM para la creaci\u00f3n de un tablero de proyecto.<\/h6>\n<h6><\/h6>\n<h6><span style=\"color: #0099cd;\">Contenidos:<\/span><\/h6>\n<ul>\n<li>Din\u00e1mica (flujo de trabajo)<\/li>\n<li>Sprint (Iteraci\u00f3n)<\/li>\n<li>Sprint Planning Meeting (Planificaci\u00f3n de Sprint)<\/li>\n<li>Scrum Diario<\/li>\n<li>Retrospectiva<\/li>\n<li>Refinamiento del Product Backlog<\/li>\n<li>Ejemplo de uso del tablero o pizarra de tareas (Scrum Taskboard)<\/li>\n<li>Medici\u00f3n y estimaci\u00f3n \u00e1gil: \u00bfpor qu\u00e9 medir?<\/li>\n<li>Medici\u00f3n: usos y herramientas<\/li>\n<li>Gr\u00e1fica de producto y avance<\/li>\n<li>Pasos para Implementar SCRUM<\/li>\n<\/ul>\n<\/div><\/details><\/div>\n<div class=\"lightweight-accordion bordered has-text-color has-background\"><details><summary class=\"lightweight-accordion-title\" style=\"color:#ffffff;background:#0099cd;\"><span>M\u00f3dulo III - Introducci\u00f3n a Scrumbam<\/span><\/summary><div class=\"lightweight-accordion-body\" style=\"border-color:#0099cd;\"><h6><span style=\"color: #0099cd;\">Objetivos espec\u00edficos: <\/span>Examinar la metodolog\u00eda SCRUM respecto a sus estrategias de aplicabilidad en entornos laborales.<\/h6>\n<h6><\/h6>\n<h6><span style=\"color: #0099cd;\">Contenidos:<\/span><\/h6>\n<ul>\n<li>Introducci\u00f3n a Scrumban: Sus principios y aplicabilidad<\/li>\n<li>Aplicabilidad<\/li>\n<li>Estrategias de Srcumban<\/li>\n<li>Herramientas para la gesti\u00f3n \u00e1gil<\/li>\n<\/ul>\n<\/div><\/details><\/div>\n<div class=\"lightweight-accordion bordered has-text-color has-background\"><details><summary class=\"lightweight-accordion-title\" style=\"color:#ffffff;background:#0099cd;\"><span>M\u00f3dulo IV - SCRUM avanzado<\/span><\/summary><div class=\"lightweight-accordion-body\" style=\"border-color:#0099cd;\"><h6><span style=\"color: #0099cd;\">Objetivos espec\u00edficos: <\/span>Aplicar metodolog\u00eda \u00e1gil SCRUM en la gesti\u00f3n de proyectos.<\/h6>\n<h6><\/h6>\n<h6><span style=\"color: #0099cd;\">Contenidos:<\/span><\/h6>\n<ul>\n<li>SCRUM avanzado<\/li>\n<li>Responsabilidades<\/li>\n<li>Metodolog\u00edas<\/li>\n<li>Mapa de Metodolog\u00edas, conceptos y patrones<\/li>\n<li>Personas, procesos y tecnolog\u00eda<\/li>\n<li>Ingenier\u00eda de requisito \u00e1gil<\/li>\n<li>Historias de usuarios<\/li>\n<\/ul>\n<\/div><\/details><\/div>\n<div class=\"lightweight-accordion bordered has-text-color has-background\"><details><summary class=\"lightweight-accordion-title\" style=\"color:#ffffff;background:#0099cd;\"><span>M\u00f3dulo Final <\/span><\/summary><div class=\"lightweight-accordion-body\" style=\"border-color:#0099cd;\"><h6><span style=\"color: #0099cd;\">Test Final De Alternativas<\/span><\/h6>\n<h6><\/h6>\n<\/div><\/details><\/div>\n","protected":false},"excerpt":{"rendered":"<p><span style=\"color: #0099cd;\">Resumen del Curso<\/span><\/p>\n<hr \/>\n<p><img decoding=\"async\" class=\"alignnone size-full wp-image-333\" style=\"font-weight: inherit;\" src=\"https:\/\/linketeach.cl\/wp-content\/uploads\/2021\/07\/education_computer_school_graduate_cap_monitor_icon_149680.png\" alt=\"\" width=\"48\" height=\"48\" \/>26 horas<\/p>\n<p><img decoding=\"async\" class=\"alignnone size-full wp-image-332\" src=\"https:\/\/linketeach.cl\/wp-content\/uploads\/2021\/07\/education_book_learn_learning_icon_149694.png\" alt=\"\" width=\"48\" height=\"48\" \/><a href=\"https:\/\/site.redlearning.cl\/wp-content\/uploads\/2023\/03\/auto-c-scrum.pdf\" target=\"_blank\" rel=\"noopener\">Programa del Curso<\/a><\/p>\n<p><img decoding=\"async\" class=\"alignnone size-medium wp-image-335\" src=\"https:\/\/linketeach.cl\/wp-content\/uploads\/2021\/07\/notes_clipboard_icon_149712-1.png\" alt=\"\" width=\"48\" height=\"48\" \/>Evaluaci\u00f3n Final<\/p>\n<p><img loading=\"lazy\" decoding=\"async\" class=\"alignnone size-medium wp-image-334\" style=\"font-weight: inherit;\" src=\"https:\/\/linketeach.cl\/wp-content\/uploads\/2021\/07\/education_diploma_award_icon_149701.png\" alt=\"\" width=\"48\" height=\"48\" \/>Certificaci\u00f3n<\/p>\n","protected":false},"featured_media":14225,"template":"","meta":{"site-sidebar-layout":"no-sidebar","site-content-layout":"default","ast-site-content-layout":"default","site-content-style":"default","site-sidebar-style":"default","ast-global-header-display":"","ast-banner-title-visibility":"","ast-main-header-display":"","ast-hfb-above-header-display":"","ast-hfb-below-header-display":"","ast-hfb-mobile-header-display":"","site-post-title":"","ast-breadcrumbs-content":"","ast-featured-img":"","footer-sml-layout":"","ast-disable-related-posts":"","theme-transparent-header-meta":"default","adv-header-id-meta":"","stick-header-meta":"","header-above-stick-meta":"","header-main-stick-meta":"","header-below-stick-meta":"","astra-migrate-meta-layouts":"set","ast-page-background-enabled":"default","ast-page-background-meta":{"desktop":{"background-color":"","background-image":"","background-repeat":"repeat","background-position":"center center","background-size":"auto","background-attachment":"scroll","background-type":"","background-media":"","overlay-type":"","overlay-color":"","overlay-opacity":"","overlay-gradient":""},"tablet":{"background-color":"","background-image":"","background-repeat":"repeat","background-position":"center center","background-size":"auto","background-attachment":"scroll","background-type":"","background-media":"","overlay-type":"","overlay-color":"","overlay-opacity":"","overlay-gradient":""},"mobile":{"background-color":"","background-image":"","background-repeat":"repeat","background-position":"center center","background-size":"auto","background-attachment":"scroll","background-type":"","background-media":"","overlay-type":"","overlay-color":"","overlay-opacity":"","overlay-gradient":""}},"ast-content-background-meta":{"desktop":{"background-color":"var(--ast-global-color-5)","background-image":"","background-repeat":"repeat","background-position":"center center","background-size":"auto","background-attachment":"scroll","background-type":"","background-media":"","overlay-type":"","overlay-color":"","overlay-opacity":"","overlay-gradient":""},"tablet":{"background-color":"var(--ast-global-color-5)","background-image":"","background-repeat":"repeat","background-position":"center center","background-size":"auto","background-attachment":"scroll","background-type":"","background-media":"","overlay-type":"","overlay-color":"","overlay-opacity":"","overlay-gradient":""},"mobile":{"background-color":"var(--ast-global-color-5)","background-image":"","background-repeat":"repeat","background-position":"center center","background-size":"auto","background-attachment":"scroll","background-type":"","background-media":"","overlay-type":"","overlay-color":"","overlay-opacity":"","overlay-gradient":""}},"_joinchat":[]},"product_brand":[],"product_cat":[425],"product_tag":[],"class_list":{"0":"post-17585","1":"product","2":"type-product","3":"status-publish","4":"has-post-thumbnail","6":"product_cat-cursos","7":"desktop-align-left","8":"tablet-align-left","9":"mobile-align-left","11":"first","12":"instock","13":"sale","14":"downloadable","15":"virtual","16":"purchasable","17":"product-type-simple"},"_links":{"self":[{"href":"https:\/\/site.redlearning.cl\/index.php?rest_route=\/wp\/v2\/product\/17585","targetHints":{"allow":["GET"]}}],"collection":[{"href":"https:\/\/site.redlearning.cl\/index.php?rest_route=\/wp\/v2\/product"}],"about":[{"href":"https:\/\/site.redlearning.cl\/index.php?rest_route=\/wp\/v2\/types\/product"}],"wp:featuredmedia":[{"embeddable":true,"href":"https:\/\/site.redlearning.cl\/index.php?rest_route=\/wp\/v2\/media\/14225"}],"wp:attachment":[{"href":"https:\/\/site.redlearning.cl\/index.php?rest_route=%2Fwp%2Fv2%2Fmedia&parent=17585"}],"wp:term":[{"taxonomy":"product_brand","embeddable":true,"href":"https:\/\/site.redlearning.cl\/index.php?rest_route=%2Fwp%2Fv2%2Fproduct_brand&post=17585"},{"taxonomy":"product_cat","embeddable":true,"href":"https:\/\/site.redlearning.cl\/index.php?rest_route=%2Fwp%2Fv2%2Fproduct_cat&post=17585"},{"taxonomy":"product_tag","embeddable":true,"href":"https:\/\/site.redlearning.cl\/index.php?rest_route=%2Fwp%2Fv2%2Fproduct_tag&post=17585"}],"curies":[{"name":"wp","href":"https:\/\/api.w.org\/{rel}","templated":true}]}}