{"id":17593,"date":"2024-04-25T18:06:17","date_gmt":"2024-04-25T21:06:17","guid":{"rendered":"https:\/\/site.redlearning.cl\/?post_type=product&#038;p=17593"},"modified":"2025-11-03T17:33:44","modified_gmt":"2025-11-03T20:33:44","slug":"curso-tecnicas-de-supervision-y-liderazgo-2","status":"publish","type":"product","link":"https:\/\/site.redlearning.cl\/?product=curso-tecnicas-de-supervision-y-liderazgo-2","title":{"rendered":"Curso T\u00e9cnicas de Supervisi\u00f3n y Liderazgo"},"content":{"rendered":"<p>La supervisi\u00f3n es una actividad t\u00e9cnica y especializada que tiene como fin fundamental, utilizar racionalmente los factores que hacen posible la realizaci\u00f3n de los procesos del trabajo.<\/p>\n<p>Etimol\u00f3gicamente supervisi\u00f3n significa mirar desde lo alto lo cual implica una idea de visi\u00f3n global, y el liderazgo es la capacidad que tiene una persona de influir e inspirar en otra persona o grupo, lo cierto es que el supervisor en el rango que este ocupe no le ser\u00e1 f\u00e1cil en ning\u00fan escenario el manejar los diferentes conflictos t\u00e9cnicos y personales que ocurrir\u00e1n a diario en el trabajo, en conclusi\u00f3n el liderazgo y la supervisi\u00f3n son dos formas de acci\u00f3n diferentes pero complementarias una de la otra.<\/p>\n<p>Por lo tanto, el liderazgo en el trabajo, es un tema crucial hoy en d\u00eda, donde las organizaciones y empresas se encuentran en una constante lucha por ser cada vez m\u00e1s competitivas, lo que ha generado que los supervisores sin importar su jerarqu\u00eda (Gerentes, lideres, capataces) se han cada vez m\u00e1s eficientes y est\u00e9n en una constante preparaci\u00f3n t\u00e9cnica y humana, y que siempre su mensaje sea coherente en el tiempo.<\/p>\n<h2><span style=\"color: #0099cd;\">Objetivo General<\/span><\/h2>\n<hr \/>\n<p>Reconocer t\u00e9cnicas de liderazgo que permitan la integraci\u00f3n con labores de supervisi\u00f3n en el trabajo en equipo, haciendo uso de una planificaci\u00f3n sostenida en el control de procesos y personas, con el fin de mejorar la productividad a partir de una sana convivencia en el entorno laboral.<\/p>\n<h2><span style=\"color: #0099cd;\">Metodolog\u00eda<\/span><\/h2>\n<hr \/>\n<p>Modalidad 100% Online y a tu ritmo.\u00a0Comienza de inmediato, completa todas las actividades y descarga tu certificado.<\/p>\n<h2><span style=\"color: #0099cd;\">Temario<\/span><\/h2>\n<hr \/>\n<div class=\"lightweight-accordion bordered has-text-color has-background\"><details><summary class=\"lightweight-accordion-title\" style=\"color:#ffffff;background:#0099cd;\"><span>M\u00f3dulo I - LIDERAZGO Y SUPERVISI\u00d3N<\/span><\/summary><div class=\"lightweight-accordion-body\" style=\"border-color:#0099cd;\"><h6><span style=\"color: #0099cd;\">Objetivos espec\u00edficos: <\/span>Identificar las t\u00e9cnicas de liderazgo que permiten liderar a un equipo interdisciplinario de trabajo colaborativo, mediante el reconocimiento de las distintas habilidades que permiten desarrollar mecanismos de comunicaci\u00f3n efectiva.<\/h6>\n<h6><span style=\"color: #0099cd;\">Duraci\u00f3n: <\/span>10 horas<\/h6>\n<h6><span style=\"color: #0099cd;\">Contenidos:<\/span><\/h6>\n<ul>\n<li>Supervisi\u00f3n y proceso administrativo.<\/li>\n<li>Rol del supervisor.<\/li>\n<li>Diagrama de funciones.<\/li>\n<li>Estilos de Liderazgo.<\/li>\n<li>\u00bfC\u00f3mo desarrollar un estilo de liderazgo?.<\/li>\n<li>Modelo de comunicaci\u00f3n organizacional.<\/li>\n<li>Comunicaci\u00f3n efectiva de un l\u00edder: Habilidades de retroalimentaci\u00f3n<\/li>\n<\/ul>\n<\/div><\/details><\/div>\n<div class=\"lightweight-accordion bordered has-text-color has-background\"><details><summary class=\"lightweight-accordion-title\" style=\"color:#ffffff;background:#0099cd;\"><span>M\u00f3dulo II - PLANIFICACI\u00d3N Y CONTROL DEL TRABAJO EN EQUIPO<\/span><\/summary><div class=\"lightweight-accordion-body\" style=\"border-color:#0099cd;\"><h6><span style=\"color: #0099cd;\">Objetivos espec\u00edficos: <\/span>Generar un modelo de planificaci\u00f3n sostenida en el control eficaz de los procesos llevados a cabo por un equipo interdisciplinario, desarrollando actitudes positivas que apunten a motivar el desempe\u00f1o laboral de las personas.<\/h6>\n<h6><span style=\"color: #0099cd;\">Duraci\u00f3n: <\/span>10 horas<\/h6>\n<h6><span style=\"color: #0099cd;\">Contenidos:<\/span><\/h6>\n<ul>\n<li>Teor\u00eda del cambio.<\/li>\n<li>Motivaci\u00f3n eficaz al equipo de trabajo.<\/li>\n<li>Dise\u00f1ar una estructura motivacional.<\/li>\n<li>Elaboraci\u00f3n de planes.<\/li>\n<li>Programaci\u00f3n, control sobre las personas y procesos.<\/li>\n<li>Administraci\u00f3n de la informaci\u00f3n.<\/li>\n<li>Soluci\u00f3n de problemas.<\/li>\n<\/ul>\n<\/div><\/details><\/div>\n<div class=\"lightweight-accordion bordered has-text-color has-background\"><details><summary class=\"lightweight-accordion-title\" style=\"color:#ffffff;background:#0099cd;\"><span>M\u00f3dulo III - CLAVES LOG\u00cdSTICAS DEL SUPPLY CHAIN MANAGER (SCM)<\/span><\/summary><div class=\"lightweight-accordion-body\" style=\"border-color:#0099cd;\"><h6><span style=\"color: #0099cd;\">Objetivos espec\u00edficos: <\/span>Dise\u00f1ar una correcta estrategia de administraci\u00f3n y planificaci\u00f3n log\u00edstica de los procesos y recursos de una cadena de suministros, mediante el an\u00e1lisis conceptual de las dimensiones del SCM, que permita la integraci\u00f3n entre la eficiencia en la entrega de productos, y la optimizaci\u00f3n de los niveles de competitividad de las organizaciones dentro del mercado.<\/h6>\n<h6><span style=\"color: #0099cd;\">Duraci\u00f3n: <\/span>10 horas<\/h6>\n<h6><span style=\"color: #0099cd;\">Contenidos:<\/span><\/h6>\n<ul>\n<li>Organizaci\u00f3n para la eficiencia.<\/li>\n<li>Autoridad y responsabilidad laboral.<\/li>\n<li>Inclusi\u00f3n del personal.<\/li>\n<li>Evaluaci\u00f3n de desempe\u00f1o.<\/li>\n<li>Productividad e innovaci\u00f3n.<\/li>\n<li>Desempe\u00f1o de alta calidad.<\/li>\n<li>Control de costos.<\/li>\n<\/ul>\n<\/div><\/details><\/div>\n<div class=\"lightweight-accordion bordered has-text-color has-background\"><details><summary class=\"lightweight-accordion-title\" style=\"color:#ffffff;background:#0099cd;\"><span>M\u00f3dulo Final<\/span><\/summary><div class=\"lightweight-accordion-body\" style=\"border-color:#0099cd;\"><h6><span style=\"color: #0099cd;\">Test integrador de alternativas.<\/span><\/h6>\n<p>&nbsp;<\/p>\n<h6><span style=\"color: #0099cd;\">Duraci\u00f3n: <\/span>02 horas<\/h6>\n<\/div><\/details><\/div>\n","protected":false},"excerpt":{"rendered":"<h2><span style=\"color: #0099cd;\">Resumen del Curso<\/span><\/h2>\n<hr \/>\n<p><img decoding=\"async\" class=\"alignnone size-full wp-image-333\" style=\"font-weight: inherit;\" src=\"https:\/\/linketeach.cl\/wp-content\/uploads\/2021\/07\/education_computer_school_graduate_cap_monitor_icon_149680.png\" alt=\"\" width=\"48\" height=\"48\" \/>32 horas &#8211; 4 m\u00f3dulos<\/p>\n<p><img decoding=\"async\" class=\"alignnone size-full wp-image-332\" src=\"https:\/\/linketeach.cl\/wp-content\/uploads\/2021\/07\/education_book_learn_learning_icon_149694.png\" alt=\"\" width=\"48\" height=\"48\" \/><a href=\"https:\/\/site.redlearning.cl\/wp-content\/uploads\/2022\/09\/C-superacionyliderazgo.pdf\" target=\"_blank\" rel=\"noopener\">Programa del Curso<\/a><\/p>\n<p><img decoding=\"async\" class=\"alignnone size-medium wp-image-335\" src=\"https:\/\/linketeach.cl\/wp-content\/uploads\/2021\/07\/notes_clipboard_icon_149712-1.png\" alt=\"\" width=\"48\" height=\"48\" \/>Evaluaci\u00f3n Final<\/p>\n<p><img loading=\"lazy\" decoding=\"async\" class=\"alignnone size-medium wp-image-334\" style=\"font-weight: inherit;\" src=\"https:\/\/linketeach.cl\/wp-content\/uploads\/2021\/07\/education_diploma_award_icon_149701.png\" alt=\"\" width=\"48\" height=\"48\" \/>Certificaci\u00f3n<\/p>\n","protected":false},"featured_media":12348,"template":"","meta":{"site-sidebar-layout":"no-sidebar","site-content-layout":"default","ast-site-content-layout":"default","site-content-style":"default","site-sidebar-style":"default","ast-global-header-display":"","ast-banner-title-visibility":"","ast-main-header-display":"","ast-hfb-above-header-display":"","ast-hfb-below-header-display":"","ast-hfb-mobile-header-display":"","site-post-title":"","ast-breadcrumbs-content":"","ast-featured-img":"","footer-sml-layout":"","ast-disable-related-posts":"","theme-transparent-header-meta":"default","adv-header-id-meta":"","stick-header-meta":"","header-above-stick-meta":"","header-main-stick-meta":"","header-below-stick-meta":"","astra-migrate-meta-layouts":"set","ast-page-background-enabled":"default","ast-page-background-meta":{"desktop":{"background-color":"","background-image":"","background-repeat":"repeat","background-position":"center center","background-size":"auto","background-attachment":"scroll","background-type":"","background-media":"","overlay-type":"","overlay-color":"","overlay-opacity":"","overlay-gradient":""},"tablet":{"background-color":"","background-image":"","background-repeat":"repeat","background-position":"center center","background-size":"auto","background-attachment":"scroll","background-type":"","background-media":"","overlay-type":"","overlay-color":"","overlay-opacity":"","overlay-gradient":""},"mobile":{"background-color":"","background-image":"","background-repeat":"repeat","background-position":"center center","background-size":"auto","background-attachment":"scroll","background-type":"","background-media":"","overlay-type":"","overlay-color":"","overlay-opacity":"","overlay-gradient":""}},"ast-content-background-meta":{"desktop":{"background-color":"var(--ast-global-color-5)","background-image":"","background-repeat":"repeat","background-position":"center center","background-size":"auto","background-attachment":"scroll","background-type":"","background-media":"","overlay-type":"","overlay-color":"","overlay-opacity":"","overlay-gradient":""},"tablet":{"background-color":"var(--ast-global-color-5)","background-image":"","background-repeat":"repeat","background-position":"center center","background-size":"auto","background-attachment":"scroll","background-type":"","background-media":"","overlay-type":"","overlay-color":"","overlay-opacity":"","overlay-gradient":""},"mobile":{"background-color":"var(--ast-global-color-5)","background-image":"","background-repeat":"repeat","background-position":"center center","background-size":"auto","background-attachment":"scroll","background-type":"","background-media":"","overlay-type":"","overlay-color":"","overlay-opacity":"","overlay-gradient":""}},"_joinchat":[]},"product_brand":[],"product_cat":[425],"product_tag":[],"class_list":{"0":"post-17593","1":"product","2":"type-product","3":"status-publish","4":"has-post-thumbnail","6":"product_cat-cursos","7":"desktop-align-left","8":"tablet-align-left","9":"mobile-align-left","11":"first","12":"instock","13":"sale","14":"downloadable","15":"virtual","16":"sold-individually","17":"purchasable","18":"product-type-simple"},"_links":{"self":[{"href":"https:\/\/site.redlearning.cl\/index.php?rest_route=\/wp\/v2\/product\/17593","targetHints":{"allow":["GET"]}}],"collection":[{"href":"https:\/\/site.redlearning.cl\/index.php?rest_route=\/wp\/v2\/product"}],"about":[{"href":"https:\/\/site.redlearning.cl\/index.php?rest_route=\/wp\/v2\/types\/product"}],"wp:featuredmedia":[{"embeddable":true,"href":"https:\/\/site.redlearning.cl\/index.php?rest_route=\/wp\/v2\/media\/12348"}],"wp:attachment":[{"href":"https:\/\/site.redlearning.cl\/index.php?rest_route=%2Fwp%2Fv2%2Fmedia&parent=17593"}],"wp:term":[{"taxonomy":"product_brand","embeddable":true,"href":"https:\/\/site.redlearning.cl\/index.php?rest_route=%2Fwp%2Fv2%2Fproduct_brand&post=17593"},{"taxonomy":"product_cat","embeddable":true,"href":"https:\/\/site.redlearning.cl\/index.php?rest_route=%2Fwp%2Fv2%2Fproduct_cat&post=17593"},{"taxonomy":"product_tag","embeddable":true,"href":"https:\/\/site.redlearning.cl\/index.php?rest_route=%2Fwp%2Fv2%2Fproduct_tag&post=17593"}],"curies":[{"name":"wp","href":"https:\/\/api.w.org\/{rel}","templated":true}]}}