{"id":17596,"date":"2024-04-25T18:12:52","date_gmt":"2024-04-25T21:12:52","guid":{"rendered":"https:\/\/site.redlearning.cl\/?post_type=product&#038;p=17596"},"modified":"2025-11-03T17:33:44","modified_gmt":"2025-11-03T20:33:44","slug":"curso-metodologia-de-trabajo-monozukuri-2","status":"publish","type":"product","link":"https:\/\/site.redlearning.cl\/?product=curso-metodologia-de-trabajo-monozukuri-2","title":{"rendered":"Curso Metodolog\u00eda De Trabajo Monozukuri"},"content":{"rendered":"<p>El m\u00e9todo de Monozosukuri tiene como traducci\u00f3n literal el \u201chacer\u201d (mono) las \u201ccosas\u201d (Zukuri) bien. La metodolog\u00eda de trabajo Monozukuri adoptada ampliamente por grandes empresas, implica un estado de bienestar que incorpora la excelencia en la producci\u00f3n de bienes y servicios, adem\u00e1s de la mejora constante del sistema global de procesos de producci\u00f3n.<\/p>\n<p>En un entorno laboral Monozukuri, los trabajadores se centran en la mejora constante de los procesos y en la fabricaci\u00f3n de productos de calidad superior. Asimismo, bajo esta metodolog\u00eda los problemas son vistos como oportunidades de mejora, entendi\u00e9ndose que la aplicaci\u00f3n de herramientas adecuadas y la estructuraci\u00f3n de procesos de mejora determinados permitir\u00e1 la oportuna resoluci\u00f3n de problemas dentro de cualquier proceso productivo abordado por lasorganizaciones.<\/p>\n<p>De este modo, el presente curso permitir\u00e1 proporcionar conocimientos te\u00f3ricos pr\u00e1cticos para evaluar e implementar la metodolog\u00eda de trabajo Monozukuri dentro de cualquiera Empresa, buscando gestionar oportunidades de mejora y optimizar todo tipo de procesos de productivos en las organizaciones para introducir los cambios culturales para mejorar de la gesti\u00f3n decalidad.<\/p>\n<h2><span style=\"color: #0099cd;\">Objetivo General<\/span><\/h2>\n<hr \/>\n<p>Implementar la metodolog\u00eda de trabajo Monozukuri gestionando y optimizando todo tipo de procesos productivos en las organizaciones a partir de la introducci\u00f3n de los conceptos que definen esta metodolog\u00eda con el fin de mejorarla gesti\u00f3n de la calidad a partir de las oportunidadesde mejora.<\/p>\n<h2><span style=\"color: #0099cd;\">Metodolog\u00eda<\/span><\/h2>\n<hr \/>\n<p>Modalidad 100% Online y a tu ritmo.\u00a0Comienza de inmediato, completa todas las actividades y descarga tu certificado.<\/p>\n<h2><span style=\"color: #0099cd;\">Temario<\/span><\/h2>\n<hr \/>\n<div class=\"lightweight-accordion bordered has-text-color has-background\"><details><summary class=\"lightweight-accordion-title\" style=\"color:#ffffff;background:#0099cd;\"><span>M\u00f3dulo I - FUNDAMENTOS DEL M\u00c9TODO MONOZUKURI<\/span><\/summary><div class=\"lightweight-accordion-body\" style=\"border-color:#0099cd;\"><h6><span style=\"color: #0099cd;\">Objetivos espec\u00edficos: <\/span>Identificar los fundamentos del M\u00e9todo Monozukuri y su aporte en la optimizaci\u00f3n de los procesos de la cadena de valor de un producto o servicio dado por unaempresa.<\/h6>\n<h6><span style=\"color: #0099cd;\">Duraci\u00f3n: <\/span>08 horas<\/h6>\n<h6><span style=\"color: #0099cd;\">Contenidos:<\/span><\/h6>\n<ul>\n<li>Conozco y aplico con rigor.<\/li>\n<li>Administrar operaciones en entornos altamente competitivos.<\/li>\n<li>Gesti\u00f3n y liderazgo de operaciones.<\/li>\n<li>Gesti\u00f3n del entrenamiento.<\/li>\n<\/ul>\n<\/div><\/details><\/div>\n<div class=\"lightweight-accordion bordered has-text-color has-background\"><details><summary class=\"lightweight-accordion-title\" style=\"color:#ffffff;background:#0099cd;\"><span>M\u00f3dulo II - DIAGN\u00d3STICO DE ANOMAL\u00cdAS Y FALLAS<\/span><\/summary><div class=\"lightweight-accordion-body\" style=\"border-color:#0099cd;\"><h6><span style=\"color: #0099cd;\">Objetivos espec\u00edficos: <\/span>Reconocer posibles anomal\u00edas y problemas dentro de la cadena de procesos productivos que llevan a cabo las empresas a trav\u00e9s de la metodolog\u00eda Monozukuri<\/h6>\n<h6><span style=\"color: #0099cd;\">Duraci\u00f3n: <\/span>08 horas<\/h6>\n<h6><span style=\"color: #0099cd;\">Contenidos:<\/span><\/h6>\n<ul>\n<li>Posibles errores.<\/li>\n<li>Gesti\u00f3n de la verificaci\u00f3n y gesti\u00f3n de la calidad.<\/li>\n<li>Detecci\u00f3n de anomal\u00edas.<\/li>\n<li>M\u00e9todo de soluci\u00f3n de problemas y comunicaci\u00f3n de las operaciones.<\/li>\n<li>Desarrollo de producto \/ proceso.<\/li>\n<\/ul>\n<\/div><\/details><\/div>\n<div class=\"lightweight-accordion bordered has-text-color has-background\"><details><summary class=\"lightweight-accordion-title\" style=\"color:#ffffff;background:#0099cd;\"><span>M\u00f3dulo III - GESTI\u00d3N DE LA MEJORA CONTINUA<\/span><\/summary><div class=\"lightweight-accordion-body\" style=\"border-color:#0099cd;\"><h6><span style=\"color: #0099cd;\">Objetivos espec\u00edficos: <\/span>Evaluar la gesti\u00f3n de un sistema fluido de orden y mejora de las posibles fallas y perdidas dentro la cadena de procesos operativos que llevan a cabo las Empresas.<\/h6>\n<h6><span style=\"color: #0099cd;\">Duraci\u00f3n: <\/span>07 horas<\/h6>\n<h6><span style=\"color: #0099cd;\">Contenidos:<\/span><\/h6>\n<ul>\n<li>M\u00e9todos de mejora continua<\/li>\n<li>Administraci\u00f3n de un sistema demejora<\/li>\n<li>Administraci\u00f3n de flujos<\/li>\n<li>Reducci\u00f3n de p\u00e9rdidas delsistema<\/li>\n<\/ul>\n<\/div><\/details><\/div>\n<div class=\"lightweight-accordion bordered has-text-color has-background\"><details><summary class=\"lightweight-accordion-title\" style=\"color:#ffffff;background:#0099cd;\"><span>M\u00f3dulo IV - ADMINISTRACI\u00d3N DE LA LOG\u00cdSTICA INTERNA<\/span><\/summary><div class=\"lightweight-accordion-body\" style=\"border-color:#0099cd;\"><h6><span style=\"color: #0099cd;\">Objetivos espec\u00edficos: <\/span>Optimizar la comunicaci\u00f3n de todos los niveles productivos que operan en la gesti\u00f3n de calidad de una organizaci\u00f3n aplicando la metodolog\u00eda Monozukuri en la log\u00edstica interna de la empresa.<\/h6>\n<h6><span style=\"color: #0099cd;\">Contenidos:<\/span><\/h6>\n<ul>\n<li>M\u00e9todos de suministro de log\u00edstica interna.<\/li>\n<li>Comunicaci\u00f3n interna.<\/li>\n<li>Comunicaci\u00f3n departamental.<\/li>\n<li>Control de gesti\u00f3n: Cuadros de Mandos integral.<\/li>\n<li>Business Intelligence.<\/li>\n<\/ul>\n<\/div><\/details><\/div>\n<div class=\"lightweight-accordion bordered has-text-color has-background\"><details><summary class=\"lightweight-accordion-title\" style=\"color:#ffffff;background:#0099cd;\"><span>M\u00f3dulo Final<\/span><\/summary><div class=\"lightweight-accordion-body\" style=\"border-color:#0099cd;\"><h6><span style=\"color: #0099cd;\">Test integrador de alternativas.<\/span><\/h6>\n<p>&nbsp;<\/p>\n<h6><span style=\"color: #0099cd;\">Duraci\u00f3n: <\/span>02 horas<\/h6>\n<\/div><\/details><\/div>\n","protected":false},"excerpt":{"rendered":"<h2><span style=\"color: #0099cd;\">Resumen del Curso<\/span><\/h2>\n<hr \/>\n<p><img decoding=\"async\" class=\"alignnone size-full wp-image-333\" style=\"font-weight: inherit;\" src=\"https:\/\/linketeach.cl\/wp-content\/uploads\/2021\/07\/education_computer_school_graduate_cap_monitor_icon_149680.png\" alt=\"\" width=\"48\" height=\"48\" \/>32 horas &#8211; 5 m\u00f3dulos<\/p>\n<p><img decoding=\"async\" class=\"alignnone size-full wp-image-332\" src=\"https:\/\/linketeach.cl\/wp-content\/uploads\/2021\/07\/education_book_learn_learning_icon_149694.png\" alt=\"\" width=\"48\" height=\"48\" \/><a href=\"https:\/\/site.redlearning.cl\/wp-content\/uploads\/2022\/09\/C-monozukuri.pdf\" target=\"_blank\" rel=\"noopener\">Programa del Curso<\/a><\/p>\n<p><img decoding=\"async\" class=\"alignnone size-medium wp-image-335\" src=\"https:\/\/linketeach.cl\/wp-content\/uploads\/2021\/07\/notes_clipboard_icon_149712-1.png\" alt=\"\" width=\"48\" height=\"48\" \/>Evaluaci\u00f3n Final<\/p>\n<p><img loading=\"lazy\" decoding=\"async\" class=\"alignnone size-medium wp-image-334\" style=\"font-weight: inherit;\" src=\"https:\/\/linketeach.cl\/wp-content\/uploads\/2021\/07\/education_diploma_award_icon_149701.png\" alt=\"\" width=\"48\" height=\"48\" \/>Certificaci\u00f3n<\/p>\n","protected":false},"featured_media":12346,"template":"","meta":{"site-sidebar-layout":"no-sidebar","site-content-layout":"default","ast-site-content-layout":"default","site-content-style":"default","site-sidebar-style":"default","ast-global-header-display":"","ast-banner-title-visibility":"","ast-main-header-display":"","ast-hfb-above-header-display":"","ast-hfb-below-header-display":"","ast-hfb-mobile-header-display":"","site-post-title":"","ast-breadcrumbs-content":"","ast-featured-img":"","footer-sml-layout":"","ast-disable-related-posts":"","theme-transparent-header-meta":"default","adv-header-id-meta":"","stick-header-meta":"","header-above-stick-meta":"","header-main-stick-meta":"","header-below-stick-meta":"","astra-migrate-meta-layouts":"set","ast-page-background-enabled":"default","ast-page-background-meta":{"desktop":{"background-color":"","background-image":"","background-repeat":"repeat","background-position":"center center","background-size":"auto","background-attachment":"scroll","background-type":"","background-media":"","overlay-type":"","overlay-color":"","overlay-opacity":"","overlay-gradient":""},"tablet":{"background-color":"","background-image":"","background-repeat":"repeat","background-position":"center center","background-size":"auto","background-attachment":"scroll","background-type":"","background-media":"","overlay-type":"","overlay-color":"","overlay-opacity":"","overlay-gradient":""},"mobile":{"background-color":"","background-image":"","background-repeat":"repeat","background-position":"center center","background-size":"auto","background-attachment":"scroll","background-type":"","background-media":"","overlay-type":"","overlay-color":"","overlay-opacity":"","overlay-gradient":""}},"ast-content-background-meta":{"desktop":{"background-color":"var(--ast-global-color-5)","background-image":"","background-repeat":"repeat","background-position":"center center","background-size":"auto","background-attachment":"scroll","background-type":"","background-media":"","overlay-type":"","overlay-color":"","overlay-opacity":"","overlay-gradient":""},"tablet":{"background-color":"var(--ast-global-color-5)","background-image":"","background-repeat":"repeat","background-position":"center center","background-size":"auto","background-attachment":"scroll","background-type":"","background-media":"","overlay-type":"","overlay-color":"","overlay-opacity":"","overlay-gradient":""},"mobile":{"background-color":"var(--ast-global-color-5)","background-image":"","background-repeat":"repeat","background-position":"center center","background-size":"auto","background-attachment":"scroll","background-type":"","background-media":"","overlay-type":"","overlay-color":"","overlay-opacity":"","overlay-gradient":""}},"_joinchat":[]},"product_brand":[],"product_cat":[425],"product_tag":[],"class_list":{"0":"post-17596","1":"product","2":"type-product","3":"status-publish","4":"has-post-thumbnail","6":"product_cat-cursos","7":"desktop-align-left","8":"tablet-align-left","9":"mobile-align-left","11":"first","12":"instock","13":"sale","14":"downloadable","15":"virtual","16":"sold-individually","17":"purchasable","18":"product-type-simple"},"_links":{"self":[{"href":"https:\/\/site.redlearning.cl\/index.php?rest_route=\/wp\/v2\/product\/17596","targetHints":{"allow":["GET"]}}],"collection":[{"href":"https:\/\/site.redlearning.cl\/index.php?rest_route=\/wp\/v2\/product"}],"about":[{"href":"https:\/\/site.redlearning.cl\/index.php?rest_route=\/wp\/v2\/types\/product"}],"wp:featuredmedia":[{"embeddable":true,"href":"https:\/\/site.redlearning.cl\/index.php?rest_route=\/wp\/v2\/media\/12346"}],"wp:attachment":[{"href":"https:\/\/site.redlearning.cl\/index.php?rest_route=%2Fwp%2Fv2%2Fmedia&parent=17596"}],"wp:term":[{"taxonomy":"product_brand","embeddable":true,"href":"https:\/\/site.redlearning.cl\/index.php?rest_route=%2Fwp%2Fv2%2Fproduct_brand&post=17596"},{"taxonomy":"product_cat","embeddable":true,"href":"https:\/\/site.redlearning.cl\/index.php?rest_route=%2Fwp%2Fv2%2Fproduct_cat&post=17596"},{"taxonomy":"product_tag","embeddable":true,"href":"https:\/\/site.redlearning.cl\/index.php?rest_route=%2Fwp%2Fv2%2Fproduct_tag&post=17596"}],"curies":[{"name":"wp","href":"https:\/\/api.w.org\/{rel}","templated":true}]}}