{"id":17616,"date":"2024-04-26T17:34:49","date_gmt":"2024-04-26T20:34:49","guid":{"rendered":"https:\/\/site.redlearning.cl\/?post_type=product&#038;p=17616"},"modified":"2025-11-03T17:32:52","modified_gmt":"2025-11-03T20:32:52","slug":"curso-promocion-de-la-salud-3","status":"publish","type":"product","link":"https:\/\/site.redlearning.cl\/?product=curso-promocion-de-la-salud-3","title":{"rendered":"Curso Promoci\u00f3n De La Salud"},"content":{"rendered":"<p>Los cambios epidemiol\u00f3gicos y nutricionales de los \u00faltimos a\u00f1os han significado que las enfermedades cr\u00f3nicas no transmisibles han pasado a constituir la principal causa de enfermedad y muerte en Chile y en el mundo, junto al considerable incremento de los problemas de salud mental, ambiental, el c\u00e1ncer y los accidentes. Esta situaci\u00f3n de salud ha hecho necesario desarrollar estrategias innovadoras que act\u00faen integralmente sobre los estilos de vida y las condiciones socio-econ\u00f3micas y ambientales, evitando los factores de riesgo, estimulando los factores protectores de la salud e impulsando pol\u00edticas p\u00fablicas a favor de la salud y calidad de vida de la poblaci\u00f3n.<\/p>\n<p>Se espera que este curso incentive una red de profesionales y equipos de atenci\u00f3n primaria que comprendan la importancia de la promoci\u00f3n de estilos de vida saludables, a trav\u00e9s del desarrollo de iniciativas. Durante el transcurso del programa de formaci\u00f3n, lograr\u00e1s diferenciar los determinantes sociales de la salud involucrados en el desarrollo social, as\u00ed como los Factores Protectores y de Riesgo asociados a la metodolog\u00eda de la medicina Preventiva; adem\u00e1s de identificar y reconocer el trabajo participativo en salud con las familias y redes sociales en la comunidad desde un abordaje metodol\u00f3gico.<\/p>\n<h2><span style=\"color: #0099cd;\">Objetivo General<\/span><\/h2>\n<hr \/>\n<p>Fortalecer la formaci\u00f3n de profesionales a trav\u00e9s de conocimientos te\u00f3ricos y pr\u00e1cticos apropiados para la promoci\u00f3n de la salud desde el modelo de atenci\u00f3n familiar, teniendo en cuenta los determinantes sociales, adem\u00e1s del trabajo de redes y la gesti\u00f3n participativa en APS.<\/p>\n<h2><span style=\"color: #0099cd;\">Metodolog\u00eda<\/span><\/h2>\n<hr \/>\n<p>Modalidad 100% Online, asincr\u00f3nico y a tu ritmo. Contar\u00e1s con tutores desde el principio al fin de tu formaci\u00f3n, nunca estar\u00e1s sol@.<\/p>\n<h2><span style=\"color: #0099cd;\">Temario<\/span><\/h2>\n<hr \/>\n<div class=\"lightweight-accordion bordered has-text-color has-background\"><details><summary class=\"lightweight-accordion-title\" style=\"color:#ffffff;background:#0099cd;\"><span>M\u00f3dulo I - Bases conceptuales y metodol\u00f3gicas de la promoci\u00f3n de salud y APS. Modelo de salud familiar<\/span><\/summary><div class=\"lightweight-accordion-body\" style=\"border-color:#0099cd;\"><h6><span style=\"color: #0099cd;\">Objetivos espec\u00edficos: <\/span>Comprender los conceptos b\u00e1sicos relacionados a la metodolog\u00edas de promoci\u00f3n del modelo de salud familiar y el modelo integral de la atenci\u00f3n primaria en salud (APS)<\/h6>\n<h6><span style=\"color: #0099cd;\">Duraci\u00f3n: <\/span>25 horas<\/h6>\n<h6><span style=\"color: #0099cd;\">Contenidos:<\/span><\/h6>\n<ul>\n<li>Concepto de salud, salud p\u00fablica y salud comunitaria.<\/li>\n<li>C\u00f3mo se expresa el sector p\u00fablico de nuestro pa\u00eds: Estrategias y servicios de salud.<\/li>\n<li>Atenci\u00f3n primaria de salud: Enfoque de salud y derechos humanos, caracter\u00edsticas de la APS.<\/li>\n<li>Enfoque familiar en APS.<\/li>\n<li>Modelo de atenci\u00f3n Integral: Objetivos, elementos y caracter\u00edsticas del modelo de salud familiar, estrategias generales y espec\u00edficas para el cambio.<\/li>\n<li>Los equipos de salud interdisciplinarios.<\/li>\n<\/ul>\n<\/div><\/details><\/div>\n<div class=\"lightweight-accordion bordered has-text-color has-background\"><details><summary class=\"lightweight-accordion-title\" style=\"color:#ffffff;background:#0099cd;\"><span>M\u00f3dulo II - Determinantes sociales y desarrollo local. Factores protectores y de riesgo. Concepto y metodolog\u00eda de la medicina preventiva.<\/span><\/summary><div class=\"lightweight-accordion-body\" style=\"border-color:#0099cd;\"><h6><span style=\"color: #0099cd;\">Objetivos espec\u00edficos: <\/span>Diferenciar los determinantes sociales de la salud involucrados en el desarrollo social, as\u00ed como los factores protectores y de riesgo asociados a la metodolog\u00eda de la medicina preventiva.<\/h6>\n<h6><span style=\"color: #0099cd;\">Duraci\u00f3n: <\/span>25 horas<\/h6>\n<h6><span style=\"color: #0099cd;\">Contenidos:<\/span><\/h6>\n<ul>\n<li>Desigualdad y determinantes sociales en salud, identificaci\u00f3n de los determinantes sociales en salud.<\/li>\n<li>Mejoras de las condiciones de vida cotidiana, luchar contra la distribuci\u00f3n desigual y medici\u00f3n y an\u00e1lisis de problema.<\/li>\n<li>Definici\u00f3n y ejemplos de factores de riesgo y protectores en salud y en el trabajo de desarrollo comunitario.<\/li>\n<li>Concepto, fundamentos, clasificaci\u00f3n y pilares de la medicina preventiva en atenci\u00f3n primaria.<\/li>\n<\/ul>\n<\/div><\/details><\/div>\n<div class=\"lightweight-accordion bordered has-text-color has-background\"><details><summary class=\"lightweight-accordion-title\" style=\"color:#ffffff;background:#0099cd;\"><span>M\u00f3dulo III - Fundamentos para la Promoci\u00f3n de la Salud en Chile<\/span><\/summary><div class=\"lightweight-accordion-body\" style=\"border-color:#0099cd;\"><h6><span style=\"color: #0099cd;\">Objetivos espec\u00edficos: <\/span>Explicar los principios y regulaciones en los cuales se fundamenta el programa de promoci\u00f3n de la salud en Chile.<\/h6>\n<h6><span style=\"color: #0099cd;\">Duraci\u00f3n: <\/span>25 horas<\/h6>\n<h6><span style=\"color: #0099cd;\">Contenidos:<\/span><\/h6>\n<ul>\n<li>Regulaciones y sugerencias internacionales.<\/li>\n<li>Promoci\u00f3n y prevenci\u00f3n de salud familiar: Fundamentos de la promoci\u00f3n de la salud.<\/li>\n<li>Programa de promoci\u00f3n de la salud en nuestro pa\u00eds: Prop\u00f3sito, objetivos generales y espec\u00edficos, objetivos y estrategias espec\u00edficas, gesti\u00f3n del programa, distribuci\u00f3n de los recursos, metas y mecanismos de evaluaci\u00f3n del programa, sistema de registro e informaci\u00f3n de las actividades de promoci\u00f3n.<\/li>\n<li>Buenas pr\u00e1cticas de promoci\u00f3n de la salud<\/li>\n<\/ul>\n<\/div><\/details><\/div>\n<div class=\"lightweight-accordion bordered has-text-color has-background\"><details><summary class=\"lightweight-accordion-title\" style=\"color:#ffffff;background:#0099cd;\"><span>M\u00f3dulo IV - Planificaci\u00f3n participativa y redes<\/span><\/summary><div class=\"lightweight-accordion-body\" style=\"border-color:#0099cd;\"><h6><span style=\"color: #0099cd;\">Objetivos espec\u00edficos: <\/span>Identificar y reconocer el trabajo participativo en salud con las familias y redes sociales en la comunidad desde un abordaje metodol\u00f3gico.<\/h6>\n<h6><span style=\"color: #0099cd;\">Duraci\u00f3n: <\/span>25 horas<\/h6>\n<h6><span style=\"color: #0099cd;\">Contenidos:<\/span><\/h6>\n<ul>\n<li>Las redes sociales en la comunidad: concepto y definiciones de redes.<\/li>\n<li>Redes en salud: Promotor en salud familiar-comunitaria. Modos de intervenci\u00f3n en red.<\/li>\n<li>Abordaje metodol\u00f3gico para el trabajo en redes.<\/li>\n<li>Planificaci\u00f3n en salud y estrat\u00e9gica.<\/li>\n<li>Instrumentos para detecci\u00f3n de problemas en una comunidad: T\u00e9cnicas de relevamiento,<\/li>\n<li>T\u00e9cnicas de identificaci\u00f3n de causas y\/o factores de riesgo, criterios para definir prioridades, evaluaci\u00f3n participativa.<\/li>\n<\/ul>\n<\/div><\/details><\/div>\n<div class=\"lightweight-accordion bordered has-text-color has-background\"><details><summary class=\"lightweight-accordion-title\" style=\"color:#ffffff;background:#0099cd;\"><span>M\u00f3dulo Final<\/span><\/summary><div class=\"lightweight-accordion-body\" style=\"border-color:#0099cd;\"><h6><span style=\"color: #0099cd;\">TEST GLOBAL<br \/>\nPROYECTO FINAL<\/span><\/h6>\n<h6><span style=\"color: #0099cd;\">Duraci\u00f3n: <\/span>20 horas<\/h6>\n<h6><span style=\"color: #0099cd;\">Objetivo:<\/span><\/h6>\n<ul>\n<li>Desarrollar una propuesta viable, en base a uno de los temas abordados en el los m\u00f3dulos.<\/li>\n<\/ul>\n<\/div><\/details><\/div>\n","protected":false},"excerpt":{"rendered":"<h2><span style=\"color: #0099cd;\">Resumen del Curso: <\/span><\/h2>\n<hr \/>\n<p><img decoding=\"async\" class=\"alignnone size-full wp-image-333\" style=\"font-weight: inherit;\" src=\"https:\/\/linketeach.cl\/wp-content\/uploads\/2021\/07\/education_computer_school_graduate_cap_monitor_icon_149680.png\" alt=\"\" width=\"48\" height=\"48\" \/>120 horas &#8211; 5 m\u00f3dulos<\/p>\n<p><img decoding=\"async\" class=\"alignnone size-full wp-image-332\" src=\"https:\/\/linketeach.cl\/wp-content\/uploads\/2021\/07\/education_book_learn_learning_icon_149694.png\" alt=\"\" width=\"48\" height=\"48\" \/><a href=\"https:\/\/site.redlearning.cl\/wp-content\/uploads\/2022\/04\/C-Promocion-de-la-Salud.pdf\" target=\"_blank\" rel=\"noopener\">Programa del Curso<\/a><\/p>\n<p><img decoding=\"async\" class=\"alignnone size-medium wp-image-335\" src=\"https:\/\/linketeach.cl\/wp-content\/uploads\/2021\/07\/notes_clipboard_icon_149712-1.png\" alt=\"\" width=\"48\" height=\"48\" \/>Evaluaci\u00f3n Final<\/p>\n<p><img loading=\"lazy\" decoding=\"async\" class=\"alignnone size-medium wp-image-334\" style=\"font-weight: inherit;\" src=\"https:\/\/linketeach.cl\/wp-content\/uploads\/2021\/07\/education_diploma_award_icon_149701.png\" alt=\"\" width=\"48\" height=\"48\" \/>Certificaci\u00f3n<\/p>\n","protected":false},"featured_media":10943,"template":"","meta":{"site-sidebar-layout":"no-sidebar","site-content-layout":"default","ast-site-content-layout":"default","site-content-style":"default","site-sidebar-style":"default","ast-global-header-display":"","ast-banner-title-visibility":"","ast-main-header-display":"","ast-hfb-above-header-display":"","ast-hfb-below-header-display":"","ast-hfb-mobile-header-display":"","site-post-title":"","ast-breadcrumbs-content":"","ast-featured-img":"","footer-sml-layout":"","ast-disable-related-posts":"","theme-transparent-header-meta":"default","adv-header-id-meta":"","stick-header-meta":"","header-above-stick-meta":"","header-main-stick-meta":"","header-below-stick-meta":"","astra-migrate-meta-layouts":"set","ast-page-background-enabled":"default","ast-page-background-meta":{"desktop":{"background-color":"","background-image":"","background-repeat":"repeat","background-position":"center center","background-size":"auto","background-attachment":"scroll","background-type":"","background-media":"","overlay-type":"","overlay-color":"","overlay-opacity":"","overlay-gradient":""},"tablet":{"background-color":"","background-image":"","background-repeat":"repeat","background-position":"center center","background-size":"auto","background-attachment":"scroll","background-type":"","background-media":"","overlay-type":"","overlay-color":"","overlay-opacity":"","overlay-gradient":""},"mobile":{"background-color":"","background-image":"","background-repeat":"repeat","background-position":"center center","background-size":"auto","background-attachment":"scroll","background-type":"","background-media":"","overlay-type":"","overlay-color":"","overlay-opacity":"","overlay-gradient":""}},"ast-content-background-meta":{"desktop":{"background-color":"var(--ast-global-color-5)","background-image":"","background-repeat":"repeat","background-position":"center center","background-size":"auto","background-attachment":"scroll","background-type":"","background-media":"","overlay-type":"","overlay-color":"","overlay-opacity":"","overlay-gradient":""},"tablet":{"background-color":"var(--ast-global-color-5)","background-image":"","background-repeat":"repeat","background-position":"center center","background-size":"auto","background-attachment":"scroll","background-type":"","background-media":"","overlay-type":"","overlay-color":"","overlay-opacity":"","overlay-gradient":""},"mobile":{"background-color":"var(--ast-global-color-5)","background-image":"","background-repeat":"repeat","background-position":"center center","background-size":"auto","background-attachment":"scroll","background-type":"","background-media":"","overlay-type":"","overlay-color":"","overlay-opacity":"","overlay-gradient":""}},"_joinchat":[]},"product_brand":[],"product_cat":[425,288],"product_tag":[],"class_list":{"0":"post-17616","1":"product","2":"type-product","3":"status-publish","4":"has-post-thumbnail","6":"product_cat-cursos","7":"product_cat-cursos-nutricion","8":"desktop-align-left","9":"tablet-align-left","10":"mobile-align-left","12":"first","13":"instock","14":"sale","15":"downloadable","16":"virtual","17":"sold-individually","18":"purchasable","19":"product-type-simple"},"_links":{"self":[{"href":"https:\/\/site.redlearning.cl\/index.php?rest_route=\/wp\/v2\/product\/17616","targetHints":{"allow":["GET"]}}],"collection":[{"href":"https:\/\/site.redlearning.cl\/index.php?rest_route=\/wp\/v2\/product"}],"about":[{"href":"https:\/\/site.redlearning.cl\/index.php?rest_route=\/wp\/v2\/types\/product"}],"wp:featuredmedia":[{"embeddable":true,"href":"https:\/\/site.redlearning.cl\/index.php?rest_route=\/wp\/v2\/media\/10943"}],"wp:attachment":[{"href":"https:\/\/site.redlearning.cl\/index.php?rest_route=%2Fwp%2Fv2%2Fmedia&parent=17616"}],"wp:term":[{"taxonomy":"product_brand","embeddable":true,"href":"https:\/\/site.redlearning.cl\/index.php?rest_route=%2Fwp%2Fv2%2Fproduct_brand&post=17616"},{"taxonomy":"product_cat","embeddable":true,"href":"https:\/\/site.redlearning.cl\/index.php?rest_route=%2Fwp%2Fv2%2Fproduct_cat&post=17616"},{"taxonomy":"product_tag","embeddable":true,"href":"https:\/\/site.redlearning.cl\/index.php?rest_route=%2Fwp%2Fv2%2Fproduct_tag&post=17616"}],"curies":[{"name":"wp","href":"https:\/\/api.w.org\/{rel}","templated":true}]}}