{"id":17964,"date":"2024-05-30T16:17:11","date_gmt":"2024-05-30T19:17:11","guid":{"rendered":"https:\/\/site.redlearning.cl\/?post_type=product&#038;p=17964"},"modified":"2025-11-03T17:32:52","modified_gmt":"2025-11-03T20:32:52","slug":"diplomado-de-gestion-publica-e-innovacion","status":"publish","type":"product","link":"https:\/\/site.redlearning.cl\/?product=diplomado-de-gestion-publica-e-innovacion","title":{"rendered":"Diplomado de Gesti\u00f3n P\u00fablica e Innovaci\u00f3n con enfoque en APS"},"content":{"rendered":"<p>La innovaci\u00f3n social en el \u00e1rea de la gesti\u00f3n p\u00fablica en estos \u00faltimos a\u00f1os ha sido una tendencia creciente, pero m\u00e1s que una tendencia como cualquier otro enfoque, en este caso puede ser considerada como una necesidad epistemol\u00f3gica. Ante problemas sociales cada vez m\u00e1s complejos y transversales, la capitalizaci\u00f3n de recursos para ser solucionados, tambi\u00e9n es transversal, es decir que, as\u00ed como es fundamental una buena gesti\u00f3n del \u00e1rea econ\u00f3mica, lo es en el \u00e1rea de la participaci\u00f3n social en la innovaci\u00f3n.<\/p>\n<p>Ser creativo para dar soluciones no basta, deben ser ideas solventarles y que adem\u00e1s vayan en concordancia con los ecosistemas sociales, ambientales, urban\u00edsticos y desde una perspectiva desde las comunidades, es decir locales. Intentamos en este diplomado que las ideas de innovaci\u00f3n social, no solo alcancen los objetivos primeramente planteados, sino que sean tambi\u00e9n un esfuerzo por encadenar trabajos en post de un desarrollo sustentable para todos<\/p>\n<h2><span style=\"color: #0099cd;\">Objetivo General<\/span><\/h2>\n<hr \/>\n<p>Aplicar t\u00e9cnicas de gesti\u00f3n en instituciones p\u00fablicas bajo el enfoque de innovaci\u00f3n social, con el objetivo de tomar las mejores decisiones y dar soluciones creativas a problemas sociales complejos<\/p>\n<h2><span style=\"color: #0099cd;\">Metodolog\u00eda<\/span><\/h2>\n<hr \/>\n<p>Modalidad 100% Online, asincr\u00f3nico y a tu ritmo. Contar\u00e1s con tutores desde el principio al fin de tu formaci\u00f3n, nunca estar\u00e1s sol@.<\/p>\n<h2><span style=\"color: #0099cd;\">Temario<\/span><\/h2>\n<hr \/>\n<div class=\"lightweight-accordion bordered has-text-color has-background\"><details><summary class=\"lightweight-accordion-title\" style=\"color:#ffffff;background:#0099cd;\"><span>M\u00f3dulo I - Desarrollo organizacional y comunicacional<\/span><\/summary><div class=\"lightweight-accordion-body\" style=\"border-color:#0099cd;\"><h6><span style=\"color: #0099cd;\">Objetivos espec\u00edficos: <\/span>Distinguir las habilidades directivas claves para la fortalecer la gesti\u00f3n organizacional y la formaci\u00f3n profesional de los participantes<\/h6>\n<h6><span style=\"color: #0099cd;\">Duraci\u00f3n: <\/span>30 horas<\/h6>\n<h6><span style=\"color: #0099cd;\">Contenidos:<\/span><\/h6>\n<ul>\n<li>Clima organizacional.<\/li>\n<li>Liderazgo y formaci\u00f3n y trabajo en equipo.<\/li>\n<li>Gesti\u00f3n del poder.<\/li>\n<li>Reuniones efectivas, comieres efectivos.<\/li>\n<li>Comunicaci\u00f3n en crisis.<\/li>\n<\/ul>\n<\/div><\/details><\/div>\n<div class=\"lightweight-accordion bordered has-text-color has-background\"><details><summary class=\"lightweight-accordion-title\" style=\"color:#ffffff;background:#0099cd;\"><span>M\u00f3dulo II - Gesti\u00f3n de salud y desarrollo local<\/span><\/summary><div class=\"lightweight-accordion-body\" style=\"border-color:#0099cd;\"><h6><span style=\"color: #0099cd;\">Objetivos espec\u00edficos: <\/span>Analizar pol\u00edticas y estrategias mundiales y nacionales de promoci\u00f3n de la salud, resaltando el concepto de Interdisciplina en APS.<\/h6>\n<h6><span style=\"color: #0099cd;\">Duraci\u00f3n: <\/span>35 horas<\/h6>\n<h6><span style=\"color: #0099cd;\">Contenidos:<\/span><\/h6>\n<ul>\n<li>Determinantes sociales: municipios y territorios.<\/li>\n<li>Intersectorialidad local: interdisciplinariedad en APS.<\/li>\n<li>Promoci\u00f3n de la salud: factores protectores<\/li>\n<\/ul>\n<\/div><\/details><\/div>\n<div class=\"lightweight-accordion bordered has-text-color has-background\"><details><summary class=\"lightweight-accordion-title\" style=\"color:#ffffff;background:#0099cd;\"><span>M\u00f3dulo III - Calidad y seguridad del paciente<\/span><\/summary><div class=\"lightweight-accordion-body\" style=\"border-color:#0099cd;\"><h6><span style=\"color: #0099cd;\">Objetivos espec\u00edficos: <\/span>Distinguir los principios que rigen los modelos de atenci\u00f3n al paciente valorando la pertinencia de su aplicaci\u00f3n.<\/h6>\n<h6><span style=\"color: #0099cd;\">Duraci\u00f3n: <\/span>35 horas<\/h6>\n<h6><span style=\"color: #0099cd;\">Contenidos:<\/span><\/h6>\n<ul>\n<li>Autorizaci\u00f3n sanitaria.<\/li>\n<li>Aseguramiento, calidad y acreditaci\u00f3n.<\/li>\n<li>Gesti\u00f3n de seguridad del paciente.<\/li>\n<li>Concepto y dise\u00f1o de gesti\u00f3n de procesos.<\/li>\n<\/ul>\n<\/div><\/details><\/div>\n<div class=\"lightweight-accordion bordered has-text-color has-background\"><details><summary class=\"lightweight-accordion-title\" style=\"color:#ffffff;background:#0099cd;\"><span>M\u00f3dulo IV - Gesti\u00f3n cl\u00ednica y gesti\u00f3n de redes<\/span><\/summary><div class=\"lightweight-accordion-body\" style=\"border-color:#0099cd;\"><h6><span style=\"color: #0099cd;\">Objetivos espec\u00edficos: <\/span>Conectar el trabajo con redes al proceso de mejora de la gesti\u00f3n de la APS reconociendo su potencial en la promoci\u00f3n de salud.<\/h6>\n<h6><span style=\"color: #0099cd;\">Duraci\u00f3n: <\/span>35 horas<\/h6>\n<h6><span style=\"color: #0099cd;\">Contenidos:<\/span><\/h6>\n<ul>\n<li>Concepto de redes<\/li>\n<li>Gesti\u00f3n de atenci\u00f3n ambulatoria y agendamiento.<\/li>\n<li>Comunicaciones y pol\u00edticas de gesti\u00f3n.<\/li>\n<li>Gesti\u00f3n terap\u00e9utica m\u00e9dica, gu\u00edas cl\u00ednicas.<\/li>\n<li>Gesti\u00f3n de insumos cl\u00ednicos y medicamentos.<\/li>\n<li>Modelos de control de gesti\u00f3n cl\u00ednica.<\/li>\n<\/ul>\n<\/div><\/details><\/div>\n<div class=\"lightweight-accordion bordered has-text-color has-background\"><details><summary class=\"lightweight-accordion-title\" style=\"color:#ffffff;background:#0099cd;\"><span>M\u00f3dulo V - Presupuesto y costo <\/span><\/summary><div class=\"lightweight-accordion-body\" style=\"border-color:#0099cd;\"><h6><span style=\"color: #0099cd;\">Objetivos espec\u00edficos: <\/span>Integrar los principios que rigen el actual marco legal en la elaboraci\u00f3n de un presupuesto de salud municipal.<\/h6>\n<h6><span style=\"color: #0099cd;\">Duraci\u00f3n: <\/span>35 horas<\/h6>\n<h6><span style=\"color: #0099cd;\">Contenidos:<\/span><\/h6>\n<ul>\n<li>Marco general de presupuesto en salud y APS en el presupuesto del pa\u00eds.<\/li>\n<li>Ley de presupuesto: presupuesto de salud en el contexto municipal.<\/li>\n<li>Elaboraci\u00f3n de presupuesto de salud municipal.<\/li>\n<li>Centros de responsabilidades y costos.<\/li>\n<li>Medici\u00f3n del costo.<\/li>\n<\/ul>\n<\/div><\/details><\/div>\n<div class=\"lightweight-accordion bordered has-text-color has-background\"><details><summary class=\"lightweight-accordion-title\" style=\"color:#ffffff;background:#0099cd;\"><span>M\u00f3dulo VI - Control de gesti\u00f3n <\/span><\/summary><div class=\"lightweight-accordion-body\" style=\"border-color:#0099cd;\"><h6><span style=\"color: #0099cd;\">Objetivos espec\u00edficos: <\/span>Aplicar los principales conceptos y modelos de gesti\u00f3n en atenci\u00f3n primaria de salud.<\/h6>\n<h6><span style=\"color: #0099cd;\">Duraci\u00f3n: <\/span>35 horas<\/h6>\n<h6><span style=\"color: #0099cd;\">Contenidos:<\/span><\/h6>\n<ul>\n<li>Definici\u00f3n de modelos de gesti\u00f3n en salud.<\/li>\n<li>Definici\u00f3n de modelos de gesti\u00f3n cl\u00ednica.<\/li>\n<li>Aplicaci\u00f3n pr\u00e1ctica BSC.<\/li>\n<li>Dise\u00f1o de sistema de control de gesti\u00f3n.<\/li>\n<\/ul>\n<\/div><\/details><\/div>\n<div class=\"lightweight-accordion bordered has-text-color has-background\"><details><summary class=\"lightweight-accordion-title\" style=\"color:#ffffff;background:#0099cd;\"><span>M\u00f3dulo VII - TICS y salud<\/span><\/summary><div class=\"lightweight-accordion-body\" style=\"border-color:#0099cd;\"><h6><span style=\"color: #0099cd;\">Objetivos espec\u00edficos: <\/span>Valorar el desarrollo de las TICS como estrategia efectiva en la promoci\u00f3n y prevenci\u00f3n de la salud en la APS.<\/h6>\n<h6><span style=\"color: #0099cd;\">Duraci\u00f3n: <\/span>35 horas<\/h6>\n<h6><span style=\"color: #0099cd;\">Contenidos:<\/span><\/h6>\n<ul>\n<li>Herramientas tecnol\u00f3gicas \u00fatiles en la APS: evaluaci\u00f3n cr\u00edtica.<\/li>\n<li>Nuevas tecnolog\u00edas, utilidades y redes.<\/li>\n<li>Informaci\u00f3n y sistemas de control.<\/li>\n<\/ul>\n<\/div><\/details><\/div>\n<div class=\"lightweight-accordion bordered has-text-color has-background\"><details><summary class=\"lightweight-accordion-title\" style=\"color:#ffffff;background:#0099cd;\"><span>M\u00f3dulo Final<\/span><\/summary><div class=\"lightweight-accordion-body\" style=\"border-color:#0099cd;\"><h6><span style=\"color: #0099cd;\">TEST GLOBAL DE ALTERNATIVAS<\/span><\/h6>\n<h6><span style=\"color: #0099cd;\"><br \/>\nTRABAJO INTEGRADOR<\/span><\/h6>\n<\/div><\/details><\/div>\n","protected":false},"excerpt":{"rendered":"<h2><span style=\"color: #0099cd;\">Resumen del Curso<\/span><\/h2>\n<hr \/>\n<p><img decoding=\"async\" class=\"alignnone size-full wp-image-333\" style=\"font-weight: inherit;\" src=\"https:\/\/linketeach.cl\/wp-content\/uploads\/2021\/07\/education_computer_school_graduate_cap_monitor_icon_149680.png\" alt=\"\" width=\"48\" height=\"48\" \/>240 horas &#8211; 7 m\u00f3dulos<\/p>\n<p><img decoding=\"async\" class=\"alignnone size-full wp-image-332\" src=\"https:\/\/linketeach.cl\/wp-content\/uploads\/2021\/07\/education_book_learn_learning_icon_149694.png\" alt=\"\" width=\"48\" height=\"48\" \/><a href=\"https:\/\/site.redlearning.cl\/wp-content\/uploads\/2024\/05\/d-gestionpublicaeinnovacion.pdf\" target=\"_blank\" rel=\"noopener\">Programa del Curso<\/a><\/p>\n<p><img decoding=\"async\" class=\"alignnone size-medium wp-image-335\" src=\"https:\/\/linketeach.cl\/wp-content\/uploads\/2021\/07\/notes_clipboard_icon_149712-1.png\" alt=\"\" width=\"48\" height=\"48\" \/>Evaluaci\u00f3n Final<\/p>\n<p><img loading=\"lazy\" decoding=\"async\" class=\"alignnone size-medium wp-image-334\" style=\"font-weight: inherit;\" src=\"https:\/\/linketeach.cl\/wp-content\/uploads\/2021\/07\/education_diploma_award_icon_149701.png\" alt=\"\" width=\"48\" height=\"48\" \/>Certificaci\u00f3n<\/p>\n","protected":false},"featured_media":17965,"template":"","meta":{"site-sidebar-layout":"no-sidebar","site-content-layout":"default","ast-site-content-layout":"default","site-content-style":"default","site-sidebar-style":"default","ast-global-header-display":"","ast-banner-title-visibility":"","ast-main-header-display":"","ast-hfb-above-header-display":"","ast-hfb-below-header-display":"","ast-hfb-mobile-header-display":"","site-post-title":"","ast-breadcrumbs-content":"","ast-featured-img":"","footer-sml-layout":"","ast-disable-related-posts":"","theme-transparent-header-meta":"default","adv-header-id-meta":"","stick-header-meta":"","header-above-stick-meta":"","header-main-stick-meta":"","header-below-stick-meta":"","astra-migrate-meta-layouts":"set","ast-page-background-enabled":"default","ast-page-background-meta":{"desktop":{"background-color":"","background-image":"","background-repeat":"repeat","background-position":"center center","background-size":"auto","background-attachment":"scroll","background-type":"","background-media":"","overlay-type":"","overlay-color":"","overlay-opacity":"","overlay-gradient":""},"tablet":{"background-color":"","background-image":"","background-repeat":"repeat","background-position":"center center","background-size":"auto","background-attachment":"scroll","background-type":"","background-media":"","overlay-type":"","overlay-color":"","overlay-opacity":"","overlay-gradient":""},"mobile":{"background-color":"","background-image":"","background-repeat":"repeat","background-position":"center center","background-size":"auto","background-attachment":"scroll","background-type":"","background-media":"","overlay-type":"","overlay-color":"","overlay-opacity":"","overlay-gradient":""}},"ast-content-background-meta":{"desktop":{"background-color":"var(--ast-global-color-5)","background-image":"","background-repeat":"repeat","background-position":"center center","background-size":"auto","background-attachment":"scroll","background-type":"","background-media":"","overlay-type":"","overlay-color":"","overlay-opacity":"","overlay-gradient":""},"tablet":{"background-color":"var(--ast-global-color-5)","background-image":"","background-repeat":"repeat","background-position":"center center","background-size":"auto","background-attachment":"scroll","background-type":"","background-media":"","overlay-type":"","overlay-color":"","overlay-opacity":"","overlay-gradient":""},"mobile":{"background-color":"var(--ast-global-color-5)","background-image":"","background-repeat":"repeat","background-position":"center center","background-size":"auto","background-attachment":"scroll","background-type":"","background-media":"","overlay-type":"","overlay-color":"","overlay-opacity":"","overlay-gradient":""}},"_joinchat":[]},"product_brand":[],"product_cat":[424,296],"product_tag":[],"class_list":{"0":"post-17964","1":"product","2":"type-product","3":"status-publish","4":"has-post-thumbnail","6":"product_cat-diplomados","7":"product_cat-diplomados-gestion-administracion-salud","8":"desktop-align-left","9":"tablet-align-left","10":"mobile-align-left","12":"first","13":"instock","14":"sale","15":"downloadable","16":"virtual","17":"sold-individually","18":"purchasable","19":"product-type-simple"},"_links":{"self":[{"href":"https:\/\/site.redlearning.cl\/index.php?rest_route=\/wp\/v2\/product\/17964","targetHints":{"allow":["GET"]}}],"collection":[{"href":"https:\/\/site.redlearning.cl\/index.php?rest_route=\/wp\/v2\/product"}],"about":[{"href":"https:\/\/site.redlearning.cl\/index.php?rest_route=\/wp\/v2\/types\/product"}],"wp:featuredmedia":[{"embeddable":true,"href":"https:\/\/site.redlearning.cl\/index.php?rest_route=\/wp\/v2\/media\/17965"}],"wp:attachment":[{"href":"https:\/\/site.redlearning.cl\/index.php?rest_route=%2Fwp%2Fv2%2Fmedia&parent=17964"}],"wp:term":[{"taxonomy":"product_brand","embeddable":true,"href":"https:\/\/site.redlearning.cl\/index.php?rest_route=%2Fwp%2Fv2%2Fproduct_brand&post=17964"},{"taxonomy":"product_cat","embeddable":true,"href":"https:\/\/site.redlearning.cl\/index.php?rest_route=%2Fwp%2Fv2%2Fproduct_cat&post=17964"},{"taxonomy":"product_tag","embeddable":true,"href":"https:\/\/site.redlearning.cl\/index.php?rest_route=%2Fwp%2Fv2%2Fproduct_tag&post=17964"}],"curies":[{"name":"wp","href":"https:\/\/api.w.org\/{rel}","templated":true}]}}