{"id":19769,"date":"2025-07-07T10:42:30","date_gmt":"2025-07-07T13:42:30","guid":{"rendered":"https:\/\/site.redlearning.cl\/?post_type=product&#038;p=19769"},"modified":"2025-11-03T17:32:52","modified_gmt":"2025-11-03T20:32:52","slug":"diplomado-grd","status":"publish","type":"product","link":"https:\/\/site.redlearning.cl\/?product=diplomado-grd","title":{"rendered":"Diplomado GRD"},"content":{"rendered":"<p>Los GRD consisten en un sistema de clasificaci\u00f3n de pacientes que relacionan la mezcla de casos de un hospital con las demandas de recursos y los gastos asociados experimentados por el hospital. En numerosos pa\u00edses de Norteam\u00e9rica y Europa, se ha avanzado en la incorporaci\u00f3n de los Grupos Relacionados de Diagn\u00f3stico (GRD) como instrumento de gesti\u00f3n sanitaria y de financiamiento para la contenci\u00f3n de los costos en salud.<\/p>\n<p>Este mismo proceso se est\u00e1 experimentando actualmente en Chile, y se ha estado extendiendo a otros pa\u00edses de Latinoam\u00e9rica. De all\u00ed la importancia que diversos profesionales se capaciten en este tema: tanto en los procesos financieros y de obtenci\u00f3n de costos asociados a su implementaci\u00f3n, como en su utilizaci\u00f3n en las distintas \u00e1reas asociadas a la gesti\u00f3n cl\u00ednica y estrat\u00e9gica de las instituciones prestadoras de atenci\u00f3n de salud.<br \/>\nEste curso provee a los alumnos de contenidos te\u00f3ricos y ejercicios pr\u00e1cticos necesarios para aplicar la metodolog\u00eda de Grupos Relacionados al Diagn\u00f3stico en la gesti\u00f3n financiera y de costos de instituciones de salud.<\/p>\n<p>A partir del a\u00f1o 2015, el Fondo Nacional de Salud (FONASA), ocupa como metodolog\u00eda de pago para los centros asistenciales privados, la clasificaci\u00f3n de los pacientes en grupos relacionados por el diagn\u00f3stico (GRD). Esta clasificaci\u00f3n permite relacionar los distintos tipos de pacientes tratados en un hospital (su casu\u00edstica), con el costo que representa su permanencia en \u00e9l. Desde ese momento, cada centro privado debe contar con profesionales y t\u00e9cnicos capacitados, que hayan certificado sus conocimientos en el uso de esta metodolog\u00eda.<br \/>\nEste curso te entregar\u00e1 competencias para la codificaci\u00f3n de egresos hospitalarios mediante la metodolog\u00eda GRD en su versi\u00f3n IR \u2013 GRD; una iniciativa impulsada por FONASA para avanzar en nuevos mecanismos de pago ajustados a riesgo, en relaci\u00f3n a su compra de servicios a prestadores privados para la atenci\u00f3n de pacientes de la red p\u00fablica.<\/p>\n<p>Asimismo, busca analizar una herramienta para perfeccionarse en \u00e1mbitos hasta ahora no aplicados en los centros de salud privados, permitiendo mejorar y aumentar las competencias en nuevos espacios laborales. De la misma manera permite que los servicios p\u00fablicos de salud puedan acceder a un programa de capacitaci\u00f3n permanente para la formaci\u00f3n y perfeccionamiento de su propio capital humano.<\/p>\n","protected":false},"excerpt":{"rendered":"<h2><span style=\"color: #0099cd;\">Resumen del Curso<\/span><\/h2>\n<hr \/>\n<p><img decoding=\"async\" class=\"alignnone size-full wp-image-333\" style=\"font-weight: inherit;\" src=\"https:\/\/linketeach.cl\/wp-content\/uploads\/2021\/07\/education_computer_school_graduate_cap_monitor_icon_149680.png\" alt=\"\" width=\"48\" height=\"48\" \/>216 horas &#8211; 7 m\u00f3dulos<\/p>\n<p><img decoding=\"async\" class=\"alignnone size-full wp-image-332\" src=\"https:\/\/linketeach.cl\/wp-content\/uploads\/2021\/07\/education_book_learn_learning_icon_149694.png\" alt=\"\" width=\"48\" height=\"48\" \/><a href=\"https:\/\/site.redlearning.cl\/wp-content\/uploads\/2025\/08\/D_GRD-1.pdf\" target=\"_blank\" rel=\"noopener\">Programa del Curso<\/a><\/p>\n<p><img decoding=\"async\" class=\"alignnone size-medium wp-image-335\" src=\"https:\/\/linketeach.cl\/wp-content\/uploads\/2021\/07\/notes_clipboard_icon_149712-1.png\" alt=\"\" width=\"48\" height=\"48\" \/>Evaluaci\u00f3n Final<\/p>\n<p><img loading=\"lazy\" decoding=\"async\" class=\"alignnone size-medium wp-image-334\" style=\"font-weight: inherit;\" src=\"https:\/\/linketeach.cl\/wp-content\/uploads\/2021\/07\/education_diploma_award_icon_149701.png\" alt=\"\" width=\"48\" height=\"48\" \/>Certificaci\u00f3n<\/p>\n","protected":false},"featured_media":19796,"template":"","meta":{"site-sidebar-layout":"no-sidebar","site-content-layout":"","ast-site-content-layout":"default","site-content-style":"default","site-sidebar-style":"default","ast-global-header-display":"","ast-banner-title-visibility":"","ast-main-header-display":"","ast-hfb-above-header-display":"","ast-hfb-below-header-display":"","ast-hfb-mobile-header-display":"","site-post-title":"","ast-breadcrumbs-content":"","ast-featured-img":"","footer-sml-layout":"","ast-disable-related-posts":"","theme-transparent-header-meta":"default","adv-header-id-meta":"","stick-header-meta":"","header-above-stick-meta":"","header-main-stick-meta":"","header-below-stick-meta":"","astra-migrate-meta-layouts":"set","ast-page-background-enabled":"default","ast-page-background-meta":{"desktop":{"background-color":"","background-image":"","background-repeat":"repeat","background-position":"center center","background-size":"auto","background-attachment":"scroll","background-type":"","background-media":"","overlay-type":"","overlay-color":"","overlay-opacity":"","overlay-gradient":""},"tablet":{"background-color":"","background-image":"","background-repeat":"repeat","background-position":"center center","background-size":"auto","background-attachment":"scroll","background-type":"","background-media":"","overlay-type":"","overlay-color":"","overlay-opacity":"","overlay-gradient":""},"mobile":{"background-color":"","background-image":"","background-repeat":"repeat","background-position":"center center","background-size":"auto","background-attachment":"scroll","background-type":"","background-media":"","overlay-type":"","overlay-color":"","overlay-opacity":"","overlay-gradient":""}},"ast-content-background-meta":{"desktop":{"background-color":"var(--ast-global-color-5)","background-image":"","background-repeat":"repeat","background-position":"center center","background-size":"auto","background-attachment":"scroll","background-type":"","background-media":"","overlay-type":"","overlay-color":"","overlay-opacity":"","overlay-gradient":""},"tablet":{"background-color":"var(--ast-global-color-5)","background-image":"","background-repeat":"repeat","background-position":"center center","background-size":"auto","background-attachment":"scroll","background-type":"","background-media":"","overlay-type":"","overlay-color":"","overlay-opacity":"","overlay-gradient":""},"mobile":{"background-color":"var(--ast-global-color-5)","background-image":"","background-repeat":"repeat","background-position":"center center","background-size":"auto","background-attachment":"scroll","background-type":"","background-media":"","overlay-type":"","overlay-color":"","overlay-opacity":"","overlay-gradient":""}},"_joinchat":[]},"product_brand":[],"product_cat":[424,296],"product_tag":[],"class_list":{"0":"post-19769","1":"product","2":"type-product","3":"status-publish","4":"has-post-thumbnail","6":"product_cat-diplomados","7":"product_cat-diplomados-gestion-administracion-salud","8":"desktop-align-left","9":"tablet-align-left","10":"mobile-align-left","12":"first","13":"instock","14":"sale","15":"downloadable","16":"virtual","17":"purchasable","18":"product-type-simple"},"_links":{"self":[{"href":"https:\/\/site.redlearning.cl\/index.php?rest_route=\/wp\/v2\/product\/19769","targetHints":{"allow":["GET"]}}],"collection":[{"href":"https:\/\/site.redlearning.cl\/index.php?rest_route=\/wp\/v2\/product"}],"about":[{"href":"https:\/\/site.redlearning.cl\/index.php?rest_route=\/wp\/v2\/types\/product"}],"wp:featuredmedia":[{"embeddable":true,"href":"https:\/\/site.redlearning.cl\/index.php?rest_route=\/wp\/v2\/media\/19796"}],"wp:attachment":[{"href":"https:\/\/site.redlearning.cl\/index.php?rest_route=%2Fwp%2Fv2%2Fmedia&parent=19769"}],"wp:term":[{"taxonomy":"product_brand","embeddable":true,"href":"https:\/\/site.redlearning.cl\/index.php?rest_route=%2Fwp%2Fv2%2Fproduct_brand&post=19769"},{"taxonomy":"product_cat","embeddable":true,"href":"https:\/\/site.redlearning.cl\/index.php?rest_route=%2Fwp%2Fv2%2Fproduct_cat&post=19769"},{"taxonomy":"product_tag","embeddable":true,"href":"https:\/\/site.redlearning.cl\/index.php?rest_route=%2Fwp%2Fv2%2Fproduct_tag&post=19769"}],"curies":[{"name":"wp","href":"https:\/\/api.w.org\/{rel}","templated":true}]}}